{"id":2771,"date":"2025-01-22T04:11:57","date_gmt":"2025-01-22T04:11:57","guid":{"rendered":"https:\/\/buromc.com\/?page_id=2771"},"modified":"2025-01-22T04:32:37","modified_gmt":"2025-01-22T04:32:37","slug":"cybersecurity-as-a-services-csaas","status":"publish","type":"page","link":"https:\/\/elitinfraservice.com\/us\/cybersecurity-as-a-services-csaas\/","title":{"rendered":"Cybersecurity as a Services (CSaaS)"},"content":{"rendered":"<div class=\"wpb-content-wrapper\"><div class=\"firwl-vc-row-container\" ><div class=\"vc_row firwl-stickycont wpb_row firwl-vc_row\"><div class=\"firwl-rowcontainer-vc\"><div class=\"firwl-rowcontent\"><div class=\"wpb_column vc_column_container vc_col-sm-12\"><div class=\"vc_column-inner\"><div class=\"wpb_wrapper\">\n\t<div class=\"wpb_text_column wpb_content_element\" >\n\t\t<div class=\"wpb_wrapper\">\n\t\t\t<div class=\"back-rojo-esquinado\"><span style=\"font-weight: 400;\">MODELO DE ARRENDAMIENTO<\/span><\/div>\n\n\t\t<\/div>\n\t<\/div>\n<div class=\"vc_empty_space\"   style=\"height: 30px\"><span class=\"vc_empty_space_inner\"><\/span><\/div>\n\t<div class=\"wpb_text_column wpb_content_element sub-title-beneficios\" >\n\t\t<div class=\"wpb_wrapper\">\n\t\t\t<p>Consolidaci\u00f3n de la seguridad<\/p>\n\n\t\t<\/div>\n\t<\/div>\n\n\t<div class=\"wpb_text_column wpb_content_element beneficios-content\" >\n\t\t<div class=\"wpb_wrapper\">\n\t\t\t<ul>\n<li>Incluimos una Mesa de servicio certificada en ISO27000 e ISO20000-1 que garantiza el cumplimiento regulatorio para cada empresa y gobierno, evitando cualquier amonestaci\u00f3n monetaria a la empresa o gobierno<\/li>\n<li>Creamos un servicio \u201cllave en mano\u201d para asegurar la continuidad de la operaci\u00f3n en todo momento<\/li>\n<li>Acceso a tecnolog\u00eda innovadora y de vanguardia durante toda la vigencia del contrato<\/li>\n<\/ul>\n\n\t\t<\/div>\n\t<\/div>\n<div class=\"vc_empty_space\"   style=\"height: 30px\"><span class=\"vc_empty_space_inner\"><\/span><\/div>\n\t<div class=\"wpb_text_column wpb_content_element sub-title-beneficios\" >\n\t\t<div class=\"wpb_wrapper\">\n\t\t\t<p>Administraci\u00f3n del riesgo<\/p>\n\n\t\t<\/div>\n\t<\/div>\n\n\t<div class=\"wpb_text_column wpb_content_element beneficios-content\" >\n\t\t<div class=\"wpb_wrapper\">\n\t\t\t<ul>\n<li>Entregamos equipos con garant\u00eda otorgando el soporte de activos, adem\u00e1s de que puede evitar la depreciaci\u00f3n de los mismos<\/li>\n<li>Acceso durante toda la vigencia a tecnolog\u00eda actualizada<\/li>\n<\/ul>\n\n\t\t<\/div>\n\t<\/div>\n<div class=\"vc_empty_space\"   style=\"height: 30px\"><span class=\"vc_empty_space_inner\"><\/span><\/div>\n\t<div class=\"wpb_text_column wpb_content_element sub-title-beneficios\" >\n\t\t<div class=\"wpb_wrapper\">\n\t\t\t<p>Protecci\u00f3n financiera<\/p>\n\n\t\t<\/div>\n\t<\/div>\n\n\t<div class=\"wpb_text_column wpb_content_element beneficios-content\" >\n\t\t<div class=\"wpb_wrapper\">\n\t\t\t<ul>\n<li>Ofrecemos una gran ventaja financiera al ser una opci\u00f3n deducible de impuestos, con un precio fijo en moneda nacional<\/li>\n<li>Ayudamos a evitar la descapitalizaci\u00f3n<\/li>\n<li>Contamos con la opci\u00f3n de un pago a mes actual y esquemas flexibles en licenciamiento<\/li>\n<li>Podemos otorgar hasta un plazo m\u00ednimo a 6 meses<\/li>\n<\/ul>\n\n\t\t<\/div>\n\t<\/div>\n\t\t\t<hr class=\"firwl-spacer-m\">\n\t\t\n\t<div class=\"wpb_text_column wpb_content_element\" >\n\t\t<div class=\"wpb_wrapper\">\n\t\t\t<div class=\"back-rojo-esquinado\">MODELO POR PROYECTO<\/div>\n\n\t\t<\/div>\n\t<\/div>\n<div class=\"vc_empty_space\"   style=\"height: 30px\"><span class=\"vc_empty_space_inner\"><\/span><\/div>\n\t<div class=\"wpb_text_column wpb_content_element sub-title-beneficios\" >\n\t\t<div class=\"wpb_wrapper\">\n\t\t\t<p>Gesti\u00f3n de vulnerabilidades<\/p>\n\n\t\t<\/div>\n\t<\/div>\n\n\t<div class=\"wpb_text_column wpb_content_element beneficios-content\" >\n\t\t<div class=\"wpb_wrapper\">\n\t\t\t<p>Empleamos un abordaje de gesti\u00f3n de vulnerabilidades basada en el an\u00e1lisis de riesgo en su principal superficie de ataque.<\/p>\n\n\t\t<\/div>\n\t<\/div>\n<div class=\"vc_empty_space\"   style=\"height: 30px\"><span class=\"vc_empty_space_inner\"><\/span><\/div>\n\t<div class=\"wpb_text_column wpb_content_element sub-title-beneficios\" >\n\t\t<div class=\"wpb_wrapper\">\n\t\t\t<p>Detecci\u00f3n y respuesta de vulnerabilidades<\/p>\n\n\t\t<\/div>\n\t<\/div>\n\n\t<div class=\"wpb_text_column wpb_content_element beneficios-content\" >\n\t\t<div class=\"wpb_wrapper\">\n\t\t\t<p>Brindamos detecci\u00f3n proactiva, monitoreo continuo y mitigaci\u00f3n para priorizar y corregir de manera inmediata, evitando de esta forma un impacto en la operaci\u00f3n y econ\u00f3mico de su empresa y gobierno.<\/p>\n\n\t\t<\/div>\n\t<\/div>\n<div class=\"vc_empty_space\"   style=\"height: 30px\"><span class=\"vc_empty_space_inner\"><\/span><\/div>\n\t<div class=\"wpb_text_column wpb_content_element sub-title-beneficios\" >\n\t\t<div class=\"wpb_wrapper\">\n\t\t\t<p>An\u00e1lisis integral de amenazas cibern\u00e9ticas<\/p>\n\n\t\t<\/div>\n\t<\/div>\n\n\t<div class=\"wpb_text_column wpb_content_element beneficios-content\" >\n\t\t<div class=\"wpb_wrapper\">\n\t\t\t<p>Realizamos una evaluaci\u00f3n de riesgos de ciberseguridad a trav\u00e9s de un proceso sistem\u00e1tico con Inteligencia Artificial para identificar, evaluar y priorizar posibles amenazas y vulnerabilidades de la infraestructura y datos de TI en su organizaci\u00f3n y gobierno.<\/p>\n\n\t\t<\/div>\n\t<\/div>\n<div class=\"vc_empty_space\"   style=\"height: 30px\"><span class=\"vc_empty_space_inner\"><\/span><\/div>\n\t<div class=\"wpb_text_column wpb_content_element sub-title-beneficios\" >\n\t\t<div class=\"wpb_wrapper\">\n\t\t\t<p>Optimizaci\u00f3n de recursos de ciberseguridad<\/p>\n\n\t\t<\/div>\n\t<\/div>\n\n\t<div class=\"wpb_text_column wpb_content_element beneficios-content\" >\n\t\t<div class=\"wpb_wrapper\">\n\t\t\t<p>Mejoramos los esfuerzos en recursos tecnol\u00f3gicos y de ciberseguridad centr\u00e1ndonos en el mantenimiento y condiciones de la infraestructura con la evaluaci\u00f3n y priorizaci\u00f3n de inversiones en tecnolog\u00eda y seguridad para reducir costos, enfoque en las \u00e1reas m\u00e1s cr\u00edticas para tener mayor eficiencia e implementar medidas de seguridad efectivas que brindan mayor confianza.<\/p>\n\n\t\t<\/div>\n\t<\/div>\n<div class=\"vc_empty_space\"   style=\"height: 30px\"><span class=\"vc_empty_space_inner\"><\/span><\/div>\n\t<div class=\"wpb_text_column wpb_content_element sub-title-beneficios\" >\n\t\t<div class=\"wpb_wrapper\">\n\t\t\t<p>Mejora en la toma de decisiones de ciberseguridad para reducir el riesgo<\/p>\n\n\t\t<\/div>\n\t<\/div>\n\n\t<div class=\"wpb_text_column wpb_content_element beneficios-content\" >\n\t\t<div class=\"wpb_wrapper\">\n\t\t\t<p>Ayudamos a los l\u00edderes y ejecutivos de seguridad de la informaci\u00f3n a convertirse en expertos en la gesti\u00f3n de riesgo, al momento de enfrentar la toma de decisiones en m\u00faltiples niveles de estrategias de seguridad profundizamos acerca de los tres niveles que son a nivel ejecutivo, estrat\u00e9gico y t\u00e1ctico para mitigar riesgos de manera m\u00e1s efectiva.<\/p>\n\n\t\t<\/div>\n\t<\/div>\n<\/div><\/div><\/div><\/div><\/div><\/div><\/div><div class=\"firwl-vc-row-container\" ><div class=\"vc_row firwl-stickycont wpb_row firwl-vc_row\"><div class=\"firwl-rowcontainer-vc\"><div class=\"firwl-rowcontent\"><div class=\"wpb_column vc_column_container vc_col-sm-12\"><div class=\"vc_column-inner\"><div class=\"wpb_wrapper\">\t\t\t<hr class=\"firwl-spacer-m\">\n\t\t<\/div><\/div><\/div><\/div><\/div><\/div><\/div>\n<\/div>","protected":false},"excerpt":{"rendered":"MODELO DE ARRENDAMIENTO Consolidaci\u00f3n de la seguridad Incluimos una Mesa de servicio certificada en ISO27000 e ISO20000-1 que garantiza el cumplimiento regulatorio para cada empresa y gobierno, evitando cualquier amonestaci\u00f3n monetaria a la empresa o gobierno Creamos un servicio \u201cllave en mano\u201d para asegurar la continuidad de la operaci\u00f3n en [...]","protected":false},"author":1,"featured_media":0,"parent":0,"menu_order":0,"comment_status":"closed","ping_status":"closed","template":"","meta":{"footnotes":""},"class_list":["post-2771","page","type-page","status-publish","hentry"],"_links":{"self":[{"href":"https:\/\/elitinfraservice.com\/us\/wp-json\/wp\/v2\/pages\/2771","targetHints":{"allow":["GET"]}}],"collection":[{"href":"https:\/\/elitinfraservice.com\/us\/wp-json\/wp\/v2\/pages"}],"about":[{"href":"https:\/\/elitinfraservice.com\/us\/wp-json\/wp\/v2\/types\/page"}],"author":[{"embeddable":true,"href":"https:\/\/elitinfraservice.com\/us\/wp-json\/wp\/v2\/users\/1"}],"replies":[{"embeddable":true,"href":"https:\/\/elitinfraservice.com\/us\/wp-json\/wp\/v2\/comments?post=2771"}],"version-history":[{"count":7,"href":"https:\/\/elitinfraservice.com\/us\/wp-json\/wp\/v2\/pages\/2771\/revisions"}],"predecessor-version":[{"id":2779,"href":"https:\/\/elitinfraservice.com\/us\/wp-json\/wp\/v2\/pages\/2771\/revisions\/2779"}],"wp:attachment":[{"href":"https:\/\/elitinfraservice.com\/us\/wp-json\/wp\/v2\/media?parent=2771"}],"curies":[{"name":"wp","href":"https:\/\/api.w.org\/{rel}","templated":true}]}}