{"id":2768,"date":"2025-01-22T04:01:06","date_gmt":"2025-01-22T04:01:06","guid":{"rendered":"https:\/\/buromc.com\/?page_id=2768"},"modified":"2025-01-29T03:07:32","modified_gmt":"2025-01-29T03:07:32","slug":"cloud-security","status":"publish","type":"page","link":"https:\/\/elitinfraservice.com\/us\/cloud-security\/","title":{"rendered":"Cloud security"},"content":{"rendered":"<div class=\"wpb-content-wrapper\"><div class=\"firwl-vc-row-container\" ><div class=\"vc_row firwl-stickycont wpb_row firwl-vc_row\"><div class=\"firwl-rowcontainer-vc\"><div class=\"firwl-rowcontent\"><div class=\"wpb_column vc_column_container vc_col-sm-12\"><div class=\"vc_column-inner\"><div class=\"wpb_wrapper\">\n\t<div class=\"wpb_text_column wpb_content_element\" >\n\t\t<div class=\"wpb_wrapper\">\n\t\t\t<p>Aplicamos la tecnolog\u00eda, los protocolos y las buenas pr\u00e1cticas que protegen los entornos inform\u00e1ticos en la nube, apps y datos almacenados con la configuraci\u00f3n adecuada del servicio y los h\u00e1bitos de uso seguro.<\/p>\n<p>Protegemos los entornos de nube p\u00fablica, privada, privada interna, varias nubes y nubes h\u00edbridas<\/p>\n\n\t\t<\/div>\n\t<\/div>\n\t\t\t<hr class=\"firwl-spacer-s\">\n\t\t<\/div><\/div><\/div><\/div><\/div><\/div><\/div><div class=\"firwl-vc-row-container\" ><div class=\"vc_row firwl-stickycont wpb_row firwl-vc_row overflow-visible equal-height-container vc_custom_1732286086374 vc_row-has-fill vc_row-o-equal-height vc_row-flex\"><div class=\"firwl-container firwl-rowcontainer-vc\"><div class=\"firwl-rowcontent\"><div class=\"wpb_column vc_column_container vc_col-sm-4\"><div class=\"vc_column-inner\"><div class=\"wpb_wrapper\"><div class=\"vc_empty_space\"   style=\"height: 15px\"><span class=\"vc_empty_space_inner\"><\/span><\/div><div class=\"vc_row wpb_row vc_inner firwl-vc_row vc_custom_1731471674279\"><div class=\"firwl-rowcontainer-vc\"><div class=\"firwl-rowcontent\"><div class=\"benficios-borde wpb_column vc_column_container vc_col-sm-12 vc_col-has-fill\"><div class=\"vc_column-inner vc_custom_1731554129426\"><div class=\"wpb_wrapper\">\t\t\t<hr class=\"firwl-spacer-s\">\n\t\t\n\t<div  class=\"wpb_single_image wpb_content_element vc_align_left wpb_content_element\">\n\t\t\n\t\t<figure class=\"wpb_wrapper vc_figure\">\n\t\t\t<div class=\"vc_single_image-wrapper   vc_box_border_grey\"><img loading=\"lazy\" decoding=\"async\" width=\"95\" height=\"95\" src=\"https:\/\/elitinfraservice.com\/wp-content\/uploads\/2025\/01\/Layer_1-1.png\" class=\"vc_single_image-img attachment-thumbnail\" alt=\"\" title=\"Layer_1\" \/><\/div>\n\t\t<\/figure>\n\t<\/div>\n\t\t\t<hr class=\"firwl-spacer-xs\">\n\t\t\n\t<div class=\"wpb_text_column wpb_content_element sub-title-beneficios\" >\n\t\t<div class=\"wpb_wrapper\">\n\t\t\t<p>Seguridad de datos<\/p>\n\n\t\t<\/div>\n\t<\/div>\n\n\t<div class=\"wpb_text_column wpb_content_element beneficios-content\" >\n\t\t<div class=\"wpb_wrapper\">\n\t\t\t<p>Insertar barreras entre el acceso y la visibilidad de los datos confidenciales, con datos cifrados para en caso de robo no sea posible leerlos ni interpretarlos<\/p>\n\n\t\t<\/div>\n\t<\/div>\n\t\t\t<hr class=\"firwl-spacer-s\">\n\t\t<\/div><\/div><\/div><\/div><\/div><\/div><\/div><\/div><\/div><div class=\"wpb_column vc_column_container vc_col-sm-4\"><div class=\"vc_column-inner vc_custom_1731471764839\"><div class=\"wpb_wrapper\"><div class=\"vc_empty_space\"   style=\"height: 15px\"><span class=\"vc_empty_space_inner\"><\/span><\/div><div class=\"vc_row wpb_row vc_inner firwl-vc_row vc_custom_1731471674279\"><div class=\"firwl-rowcontainer-vc\"><div class=\"firwl-rowcontent\"><div class=\"benficios-borde wpb_column vc_column_container vc_col-sm-12 vc_col-has-fill\"><div class=\"vc_column-inner vc_custom_1731554129426\"><div class=\"wpb_wrapper\">\t\t\t<hr class=\"firwl-spacer-s\">\n\t\t\n\t<div  class=\"wpb_single_image wpb_content_element vc_align_left wpb_content_element\">\n\t\t\n\t\t<figure class=\"wpb_wrapper vc_figure\">\n\t\t\t<div class=\"vc_single_image-wrapper   vc_box_border_grey\"><img loading=\"lazy\" decoding=\"async\" width=\"94\" height=\"86\" src=\"https:\/\/elitinfraservice.com\/wp-content\/uploads\/2025\/01\/Layer_1-1-1.png\" class=\"vc_single_image-img attachment-thumbnail\" alt=\"\" title=\"Layer_1 (1)\" \/><\/div>\n\t\t<\/figure>\n\t<\/div>\n\t\t\t<hr class=\"firwl-spacer-xs\">\n\t\t\n\t<div class=\"wpb_text_column wpb_content_element sub-title-beneficios\" >\n\t\t<div class=\"wpb_wrapper\">\n\t\t\t<p>Gesti\u00f3n de identidades y accesos IAM<\/p>\n\n\t\t<\/div>\n\t<\/div>\n\n\t<div class=\"wpb_text_column wpb_content_element beneficios-content\" >\n\t\t<div class=\"wpb_wrapper\">\n\t\t\t<p>Establecer controles de acceso para restringir a los usuarios, tanto a los leg\u00edtimos como a los maliciosos, el acceso y compromiso de los datos confidenciales y sistemas<\/p>\n\n\t\t<\/div>\n\t<\/div>\n\t\t\t<hr class=\"firwl-spacer-s\">\n\t\t<\/div><\/div><\/div><\/div><\/div><\/div><\/div><\/div><\/div><div class=\"wpb_column vc_column_container vc_col-sm-4\"><div class=\"vc_column-inner\"><div class=\"wpb_wrapper\"><div class=\"vc_empty_space\"   style=\"height: 15px\"><span class=\"vc_empty_space_inner\"><\/span><\/div><div class=\"vc_row wpb_row vc_inner firwl-vc_row vc_custom_1731471674279\"><div class=\"firwl-rowcontainer-vc\"><div class=\"firwl-rowcontent\"><div class=\"benficios-borde wpb_column vc_column_container vc_col-sm-12 vc_col-has-fill\"><div class=\"vc_column-inner vc_custom_1731554129426\"><div class=\"wpb_wrapper\">\t\t\t<hr class=\"firwl-spacer-s\">\n\t\t\n\t<div  class=\"wpb_single_image wpb_content_element vc_align_left wpb_content_element\">\n\t\t\n\t\t<figure class=\"wpb_wrapper vc_figure\">\n\t\t\t<div class=\"vc_single_image-wrapper   vc_box_border_grey\"><img loading=\"lazy\" decoding=\"async\" width=\"95\" height=\"95\" src=\"https:\/\/elitinfraservice.com\/wp-content\/uploads\/2025\/01\/Layer_1-2-2.png\" class=\"vc_single_image-img attachment-thumbnail\" alt=\"\" title=\"Layer_1 (2)\" \/><\/div>\n\t\t<\/figure>\n\t<\/div>\n\t\t\t<hr class=\"firwl-spacer-xs\">\n\t\t\n\t<div class=\"wpb_text_column wpb_content_element sub-title-beneficios\" >\n\t\t<div class=\"wpb_wrapper\">\n\t\t\t<p>Goberanza<\/p>\n\n\t\t<\/div>\n\t<\/div>\n\n\t<div class=\"wpb_text_column wpb_content_element beneficios-content\" >\n\t\t<div class=\"wpb_wrapper\">\n\t\t\t<p>Operar bajo las pol\u00edticas de prevenci\u00f3n, detecci\u00f3n y mitigaci\u00f3n de amenazas de cada cliente y formaci\u00f3n sobre el comportamiento seguro del usuario<\/p>\n\n\t\t<\/div>\n\t<\/div>\n\t\t\t<hr class=\"firwl-spacer-s\">\n\t\t<\/div><\/div><\/div><\/div><\/div><\/div><\/div><\/div><\/div><\/div><\/div><\/div><\/div><div class=\"firwl-vc-row-container\" ><div class=\"vc_row firwl-stickycont wpb_row firwl-vc_row\"><div class=\"firwl-rowcontainer-vc\"><div class=\"firwl-rowcontent\"><div class=\"wpb_column vc_column_container vc_col-sm-12\"><div class=\"vc_column-inner\"><div class=\"wpb_wrapper\">\t\t\t<hr class=\"firwl-spacer-m\">\n\t\t<\/div><\/div><\/div><\/div><\/div><\/div><\/div><div class=\"firwl-vc-row-container\"  id=\"section-cards\" ><div id=\"firwl-intid-section-cards\" class=\"vc_row firwl-stickycont wpb_row firwl-vc_row wpb_animate_when_almost_visible wpb_fadeIn fadeIn vc_custom_1558261052551 vc_column-gap-30\"><div class=\"firwl-rowcontainer-vc\"><div class=\"firwl-rowcontent\"><div class=\"wpb_column vc_column_container vc_col-sm-6\"><div class=\"vc_column-inner vc_custom_1731554423186\"><div class=\"wpb_wrapper\">\n\t<div class=\"wpb_text_column wpb_content_element titulo-p\" >\n\t\t<div class=\"wpb_wrapper\">\n\t\t\t<p>CARACTER\u00cdSTICAS<\/p>\n\n\t\t<\/div>\n\t<\/div>\n\t\t\t<hr class=\"firwl-spacer-s\">\n\t\t\n\t<div class=\"wpb_text_column wpb_content_element color-gris\" >\n\t\t<div class=\"wpb_wrapper\">\n\t\t\t<ul>\n<li>Redes f\u00edsicas, enrutadores, energ\u00eda el\u00e9ctrica, cableado, controles de clima, etc.<\/li>\n<li>Almacenamiento de datos, discos duros, entre otros.<\/li>\n<li>Servidores de datos, hardware y software inform\u00e1ticos de la red central<\/li>\n<li>Plataformas de virtualizaci\u00f3n de equipos inform\u00e1ticos, software de m\u00e1quinas virtuales, m\u00e1quinas anfitrionas y m\u00e1quinas invitadas<\/li>\n<li>Sistemas operativos (OS) software que soporta todas las funciones inform\u00e1ticas<\/li>\n<li>Middleware gesti\u00f3n de interfaz de programaci\u00f3n de aplicaciones (API)<\/li>\n<li>Entornos de ejecuci\u00f3n y mantenimiento de un programa<\/li>\n<li>Datos toda la informaci\u00f3n almacenada, modificada y a la que se ha accedido<\/li>\n<li>Aplicaciones servicios de software y correo electr\u00f3nico<\/li>\n<li>Hardware de usuario final, c\u00f3mputo, dispositivos m\u00f3viles, dispositivos de internet de las cosas IoT<\/li>\n<\/ul>\n\n\t\t<\/div>\n\t<\/div>\n\t\t\t<hr class=\"firwl-spacer-s\">\n\t\t<\/div><\/div><\/div><div class=\"wpb_column vc_column_container vc_col-sm-6\"><div class=\"vc_column-inner\"><div class=\"wpb_wrapper\">\n\t<div class=\"wpb_text_column wpb_content_element\" >\n\t\t<div class=\"wpb_wrapper\">\n\t\t\t<p><img decoding=\"async\" class=\"w-100\" src=\"https:\/\/elitinfraservice.com\/wp-content\/uploads\/2025\/01\/Subtract-1.png\" alt=\"\" \/><\/p>\n\n\t\t<\/div>\n\t<\/div>\n<\/div><\/div><\/div><\/div><\/div><\/div><\/div>\n<\/div>","protected":false},"excerpt":{"rendered":"Aplicamos la tecnolog\u00eda, los protocolos y las buenas pr\u00e1cticas que protegen los entornos inform\u00e1ticos en la nube, apps y datos almacenados con la configuraci\u00f3n adecuada del servicio y los h\u00e1bitos de uso seguro. Protegemos los entornos de nube p\u00fablica, privada, privada interna, varias nubes y nubes h\u00edbridas Seguridad de datos [...]","protected":false},"author":1,"featured_media":0,"parent":0,"menu_order":0,"comment_status":"closed","ping_status":"closed","template":"","meta":{"footnotes":""},"class_list":["post-2768","page","type-page","status-publish","hentry"],"_links":{"self":[{"href":"https:\/\/elitinfraservice.com\/us\/wp-json\/wp\/v2\/pages\/2768","targetHints":{"allow":["GET"]}}],"collection":[{"href":"https:\/\/elitinfraservice.com\/us\/wp-json\/wp\/v2\/pages"}],"about":[{"href":"https:\/\/elitinfraservice.com\/us\/wp-json\/wp\/v2\/types\/page"}],"author":[{"embeddable":true,"href":"https:\/\/elitinfraservice.com\/us\/wp-json\/wp\/v2\/users\/1"}],"replies":[{"embeddable":true,"href":"https:\/\/elitinfraservice.com\/us\/wp-json\/wp\/v2\/comments?post=2768"}],"version-history":[{"count":3,"href":"https:\/\/elitinfraservice.com\/us\/wp-json\/wp\/v2\/pages\/2768\/revisions"}],"predecessor-version":[{"id":2981,"href":"https:\/\/elitinfraservice.com\/us\/wp-json\/wp\/v2\/pages\/2768\/revisions\/2981"}],"wp:attachment":[{"href":"https:\/\/elitinfraservice.com\/us\/wp-json\/wp\/v2\/media?parent=2768"}],"curies":[{"name":"wp","href":"https:\/\/api.w.org\/{rel}","templated":true}]}}