{"id":2761,"date":"2025-01-22T03:43:25","date_gmt":"2025-01-22T03:43:25","guid":{"rendered":"https:\/\/buromc.com\/?page_id=2761"},"modified":"2025-01-22T03:43:25","modified_gmt":"2025-01-22T03:43:25","slug":"colocacion-de-hyperscala","status":"publish","type":"page","link":"https:\/\/elitinfraservice.com\/us\/colocacion-de-hyperscala\/","title":{"rendered":"Colocaci\u00f3n de Hyperscala"},"content":{"rendered":"<div class=\"wpb-content-wrapper\"><div class=\"firwl-vc-row-container\" ><div class=\"vc_row firwl-stickycont wpb_row firwl-vc_row\"><div class=\"firwl-rowcontainer-vc\"><div class=\"firwl-rowcontent\"><div class=\"wpb_column vc_column_container vc_col-sm-12\"><div class=\"vc_column-inner\"><div class=\"wpb_wrapper\">\n\t<div class=\"wpb_text_column wpb_content_element\" >\n\t\t<div class=\"wpb_wrapper\">\n\t\t\t<p>El SOC y NOC cuentan con capacidades dise\u00f1adas espec\u00edfcamente para albergar y cumplir con los requerimientos y proyectos de hyperescala, con el acceso de interconexi\u00f3n m\u00e1s conveniente y cercano a los ecosistemas de los mercados digitales locales.<\/p>\n\n\t\t<\/div>\n\t<\/div>\n<\/div><\/div><\/div><\/div><\/div><\/div><\/div><div class=\"firwl-vc-row-container\" ><div class=\"vc_row firwl-stickycont wpb_row firwl-vc_row\"><div class=\"firwl-rowcontainer-vc\"><div class=\"firwl-rowcontent\"><div class=\"wpb_column vc_column_container vc_col-sm-12\"><div class=\"vc_column-inner\"><div class=\"wpb_wrapper\">\t\t\t<hr class=\"firwl-spacer-m\">\n\t\t<\/div><\/div><\/div><\/div><\/div><\/div><\/div>\n<\/div>","protected":false},"excerpt":{"rendered":"El SOC y NOC cuentan con capacidades dise\u00f1adas espec\u00edfcamente para albergar y cumplir con los requerimientos y proyectos de hyperescala, con el acceso de interconexi\u00f3n m\u00e1s conveniente y cercano a los ecosistemas de los mercados digitales locales.","protected":false},"author":1,"featured_media":0,"parent":0,"menu_order":0,"comment_status":"closed","ping_status":"closed","template":"","meta":{"footnotes":""},"class_list":["post-2761","page","type-page","status-publish","hentry"],"_links":{"self":[{"href":"https:\/\/elitinfraservice.com\/us\/wp-json\/wp\/v2\/pages\/2761","targetHints":{"allow":["GET"]}}],"collection":[{"href":"https:\/\/elitinfraservice.com\/us\/wp-json\/wp\/v2\/pages"}],"about":[{"href":"https:\/\/elitinfraservice.com\/us\/wp-json\/wp\/v2\/types\/page"}],"author":[{"embeddable":true,"href":"https:\/\/elitinfraservice.com\/us\/wp-json\/wp\/v2\/users\/1"}],"replies":[{"embeddable":true,"href":"https:\/\/elitinfraservice.com\/us\/wp-json\/wp\/v2\/comments?post=2761"}],"version-history":[{"count":1,"href":"https:\/\/elitinfraservice.com\/us\/wp-json\/wp\/v2\/pages\/2761\/revisions"}],"predecessor-version":[{"id":2762,"href":"https:\/\/elitinfraservice.com\/us\/wp-json\/wp\/v2\/pages\/2761\/revisions\/2762"}],"wp:attachment":[{"href":"https:\/\/elitinfraservice.com\/us\/wp-json\/wp\/v2\/media?parent=2761"}],"curies":[{"name":"wp","href":"https:\/\/api.w.org\/{rel}","templated":true}]}}