{"id":1968,"date":"2024-11-22T15:25:44","date_gmt":"2024-11-22T15:25:44","guid":{"rendered":"https:\/\/buromc.com\/?page_id=1968"},"modified":"2024-11-29T04:37:43","modified_gmt":"2024-11-29T04:37:43","slug":"privilege-access-management-pam","status":"publish","type":"page","link":"https:\/\/elitinfraservice.com\/us\/privilege-access-management-pam\/","title":{"rendered":"Privilege Access Management PAM"},"content":{"rendered":"<div class=\"wpb-content-wrapper\"><div class=\"firwl-vc-row-container\" ><div class=\"vc_row firwl-stickycont wpb_row firwl-vc_row\"><div class=\"firwl-rowcontainer-vc\"><div class=\"firwl-rowcontent\"><div class=\"wpb_column vc_column_container vc_col-sm-12\"><div class=\"vc_column-inner\"><div class=\"wpb_wrapper\"><div class=\"vc_row wpb_row vc_inner firwl-vc_row\"><div class=\"firwl-rowcontainer-vc\"><div class=\"firwl-rowcontent\"><div class=\"wpb_column vc_column_container vc_col-sm-12\"><div class=\"vc_column-inner\"><div class=\"wpb_wrapper\">\n\t<div class=\"wpb_text_column wpb_content_element\" >\n\t\t<div class=\"wpb_wrapper\">\n\t\t\t<div class=\"float-left\"><img decoding=\"async\" src=\"https:\/\/elitinfraservice.com\/wp-content\/uploads\/2024\/11\/Capa_1-3.png\" width=\"75px\" \/><\/div>\n<div class=\"title-section-assessment-multiple float-left\">Privilege Access Management PAM<\/div>\n\n\t\t<\/div>\n\t<\/div>\n<\/div><\/div><\/div><\/div><\/div><\/div>\t\t\t<hr class=\"firwl-spacer-s\">\n\t\t\n\t<div class=\"wpb_text_column wpb_content_element color-gris\" >\n\t\t<div class=\"wpb_wrapper\">\n\t\t\t<p>Protege las cuentas privilegiadas de su organizaci\u00f3n, con nuestra soluci\u00f3n no solo asegura el almacenamiento de contrase\u00f1as, sino que tambi\u00e9n implementa medidas adicionales de seguridad que incluyen la monitorizaci\u00f3n de actividades y la aplicaci\u00f3n de pol\u00edticas de acceso. Esto ayuda a prevenir accesos no autorizados y mitigar riesgos de seguridad de manera efectiva.<\/p>\n<p>El sistema de PAM, le brinda control total sobre qui\u00e9n accede a sus cuentas con altos privilegios, asegurando que solo las personas autorizadas puedan utilizar estos accesos cr\u00edticos.<\/p>\n\n\t\t<\/div>\n\t<\/div>\n\t\t\t<hr class=\"firwl-spacer-s\">\n\t\t<\/div><\/div><\/div><\/div><\/div><\/div><\/div><div class=\"firwl-vc-row-container\" ><div class=\"vc_row firwl-stickycont wpb_row firwl-vc_row overflow-visible equal-height-container vc_custom_1732286086374 vc_row-has-fill vc_row-o-equal-height vc_row-flex\"><div class=\"firwl-container firwl-rowcontainer-vc\"><div class=\"firwl-rowcontent\"><div class=\"wpb_column vc_column_container vc_col-sm-4\"><div class=\"vc_column-inner\"><div class=\"wpb_wrapper\"><div class=\"vc_empty_space\"   style=\"height: 15px\"><span class=\"vc_empty_space_inner\"><\/span><\/div><div class=\"vc_row wpb_row vc_inner firwl-vc_row vc_custom_1731471674279\"><div class=\"firwl-rowcontainer-vc\"><div class=\"firwl-rowcontent\"><div class=\"benficios-borde wpb_column vc_column_container vc_col-sm-12 vc_col-has-fill\"><div class=\"vc_column-inner vc_custom_1731554129426\"><div class=\"wpb_wrapper\">\t\t\t<hr class=\"firwl-spacer-s\">\n\t\t\n\t<div  class=\"wpb_single_image wpb_content_element vc_align_left wpb_content_element\">\n\t\t\n\t\t<figure class=\"wpb_wrapper vc_figure\">\n\t\t\t<div class=\"vc_single_image-wrapper   vc_box_border_grey\"><img loading=\"lazy\" decoding=\"async\" width=\"95\" height=\"95\" src=\"https:\/\/elitinfraservice.com\/wp-content\/uploads\/2024\/11\/Layer_1-17.png\" class=\"vc_single_image-img attachment-thumbnail\" alt=\"\" title=\"Layer_1 (17)\" \/><\/div>\n\t\t<\/figure>\n\t<\/div>\n\t\t\t<hr class=\"firwl-spacer-xs\">\n\t\t\n\t<div class=\"wpb_text_column wpb_content_element sub-title-beneficios\" >\n\t\t<div class=\"wpb_wrapper\">\n\t\t\t<p>Seguridad Mejorada<\/p>\n\n\t\t<\/div>\n\t<\/div>\n\n\t<div class=\"wpb_text_column wpb_content_element beneficios-content\" >\n\t\t<div class=\"wpb_wrapper\">\n\t\t\t<p>Fortalece la defensa de su organizaci\u00f3n contra amenazas internas y externas al restringir el acceso a cuentas privilegiadas.<\/p>\n\n\t\t<\/div>\n\t<\/div>\n\t\t\t<hr class=\"firwl-spacer-s\">\n\t\t<\/div><\/div><\/div><\/div><\/div><\/div><\/div><\/div><\/div><div class=\"wpb_column vc_column_container vc_col-sm-4\"><div class=\"vc_column-inner vc_custom_1731471764839\"><div class=\"wpb_wrapper\"><div class=\"vc_empty_space\"   style=\"height: 15px\"><span class=\"vc_empty_space_inner\"><\/span><\/div><div class=\"vc_row wpb_row vc_inner firwl-vc_row vc_custom_1731471674279\"><div class=\"firwl-rowcontainer-vc\"><div class=\"firwl-rowcontent\"><div class=\"benficios-borde wpb_column vc_column_container vc_col-sm-12 vc_col-has-fill\"><div class=\"vc_column-inner vc_custom_1731554129426\"><div class=\"wpb_wrapper\">\t\t\t<hr class=\"firwl-spacer-s\">\n\t\t\n\t<div  class=\"wpb_single_image wpb_content_element vc_align_left wpb_content_element\">\n\t\t\n\t\t<figure class=\"wpb_wrapper vc_figure\">\n\t\t\t<div class=\"vc_single_image-wrapper   vc_box_border_grey\"><img loading=\"lazy\" decoding=\"async\" width=\"95\" height=\"95\" src=\"https:\/\/elitinfraservice.com\/wp-content\/uploads\/2024\/11\/Layer_1-18.png\" class=\"vc_single_image-img attachment-thumbnail\" alt=\"\" title=\"Layer_1 (18)\" \/><\/div>\n\t\t<\/figure>\n\t<\/div>\n\t\t\t<hr class=\"firwl-spacer-xs\">\n\t\t\n\t<div class=\"wpb_text_column wpb_content_element sub-title-beneficios\" >\n\t\t<div class=\"wpb_wrapper\">\n\t\t\t<p>Monitoreo Continuo<\/p>\n\n\t\t<\/div>\n\t<\/div>\n\n\t<div class=\"wpb_text_column wpb_content_element beneficios-content\" >\n\t\t<div class=\"wpb_wrapper\">\n\t\t\t<p>Proporciona visibilidad en tiempo real de las actividades relacionadas con cuentas privilegiadas, permitiendo una respuesta r\u00e1pida ante cualquier comportamiento sospechoso.<\/p>\n\n\t\t<\/div>\n\t<\/div>\n\t\t\t<hr class=\"firwl-spacer-s\">\n\t\t<\/div><\/div><\/div><\/div><\/div><\/div><\/div><\/div><\/div><div class=\"wpb_column vc_column_container vc_col-sm-4\"><div class=\"vc_column-inner\"><div class=\"wpb_wrapper\"><div class=\"vc_empty_space\"   style=\"height: 15px\"><span class=\"vc_empty_space_inner\"><\/span><\/div><div class=\"vc_row wpb_row vc_inner firwl-vc_row vc_custom_1731471674279\"><div class=\"firwl-rowcontainer-vc\"><div class=\"firwl-rowcontent\"><div class=\"benficios-borde wpb_column vc_column_container vc_col-sm-12 vc_col-has-fill\"><div class=\"vc_column-inner vc_custom_1731554129426\"><div class=\"wpb_wrapper\">\t\t\t<hr class=\"firwl-spacer-s\">\n\t\t\n\t<div  class=\"wpb_single_image wpb_content_element vc_align_left wpb_content_element\">\n\t\t\n\t\t<figure class=\"wpb_wrapper vc_figure\">\n\t\t\t<div class=\"vc_single_image-wrapper   vc_box_border_grey\"><img loading=\"lazy\" decoding=\"async\" width=\"95\" height=\"95\" src=\"https:\/\/elitinfraservice.com\/wp-content\/uploads\/2024\/11\/Layer_1-19.png\" class=\"vc_single_image-img attachment-thumbnail\" alt=\"\" title=\"Layer_1 (19)\" \/><\/div>\n\t\t<\/figure>\n\t<\/div>\n\t\t\t<hr class=\"firwl-spacer-xs\">\n\t\t\n\t<div class=\"wpb_text_column wpb_content_element sub-title-beneficios\" >\n\t\t<div class=\"wpb_wrapper\">\n\t\t\t<p>Cumplimiento Normativo<\/p>\n\n\t\t<\/div>\n\t<\/div>\n\n\t<div class=\"wpb_text_column wpb_content_element beneficios-content\" >\n\t\t<div class=\"wpb_wrapper\">\n\t\t\t<p>Regulaciones y normativas de seguridad, como GDPR y PCI DSS, al garantizar que se implementen controles adecuados sobre accesos cr\u00edticos.<\/p>\n\n\t\t<\/div>\n\t<\/div>\n\t\t\t<hr class=\"firwl-spacer-s\">\n\t\t<\/div><\/div><\/div><\/div><\/div><\/div><\/div><\/div><\/div><\/div><\/div><\/div><\/div><div class=\"firwl-vc-row-container\" ><div class=\"vc_row firwl-stickycont wpb_row firwl-vc_row\"><div class=\"firwl-rowcontainer-vc\"><div class=\"firwl-rowcontent\"><div class=\"wpb_column vc_column_container vc_col-sm-12\"><div class=\"vc_column-inner\"><div class=\"wpb_wrapper\">\t\t\t<hr class=\"firwl-spacer-s\">\n\t\t<\/div><\/div><\/div><\/div><\/div><\/div><\/div><div class=\"firwl-vc-row-container\" ><div class=\"vc_row firwl-stickycont wpb_row firwl-vc_row overflow-visible equal-height-container vc_custom_1732286103621 vc_row-has-fill vc_row-o-equal-height vc_row-flex\"><div class=\"firwl-container firwl-rowcontainer-vc\"><div class=\"firwl-rowcontent\"><div class=\"wpb_column vc_column_container vc_col-sm-4\"><div class=\"vc_column-inner\"><div class=\"wpb_wrapper\"><div class=\"vc_empty_space\"   style=\"height: 15px\"><span class=\"vc_empty_space_inner\"><\/span><\/div><div class=\"vc_row wpb_row vc_inner firwl-vc_row vc_custom_1731471674279\"><div class=\"firwl-rowcontainer-vc\"><div class=\"firwl-rowcontent\"><div class=\"benficios-borde wpb_column vc_column_container vc_col-sm-12 vc_col-has-fill\"><div class=\"vc_column-inner vc_custom_1731554129426\"><div class=\"wpb_wrapper\">\t\t\t<hr class=\"firwl-spacer-s\">\n\t\t\n\t<div  class=\"wpb_single_image wpb_content_element vc_align_left wpb_content_element\">\n\t\t\n\t\t<figure class=\"wpb_wrapper vc_figure\">\n\t\t\t<div class=\"vc_single_image-wrapper   vc_box_border_grey\"><img loading=\"lazy\" decoding=\"async\" width=\"95\" height=\"95\" src=\"https:\/\/elitinfraservice.com\/wp-content\/uploads\/2024\/11\/Layer_1-15.png\" class=\"vc_single_image-img attachment-thumbnail\" alt=\"\" title=\"Layer_1 (15)\" \/><\/div>\n\t\t<\/figure>\n\t<\/div>\n\t\t\t<hr class=\"firwl-spacer-xs\">\n\t\t\n\t<div class=\"wpb_text_column wpb_content_element sub-title-beneficios\" >\n\t\t<div class=\"wpb_wrapper\">\n\t\t\t<p>Risk Reduction<\/p>\n\n\t\t<\/div>\n\t<\/div>\n\n\t<div class=\"wpb_text_column wpb_content_element beneficios-content\" >\n\t\t<div class=\"wpb_wrapper\">\n\t\t\t<p>Minimizar el riesgo de ciberataques mediante la gesti\u00f3n efectiva de credenciales sensibles y el seguimiento de su uso.<\/p>\n\n\t\t<\/div>\n\t<\/div>\n\t\t\t<hr class=\"firwl-spacer-s\">\n\t\t<\/div><\/div><\/div><\/div><\/div><\/div><\/div><\/div><\/div><div class=\"wpb_column vc_column_container vc_col-sm-4\"><div class=\"vc_column-inner vc_custom_1731471764839\"><div class=\"wpb_wrapper\"><div class=\"vc_empty_space\"   style=\"height: 15px\"><span class=\"vc_empty_space_inner\"><\/span><\/div><div class=\"vc_row wpb_row vc_inner firwl-vc_row vc_custom_1731471674279\"><div class=\"firwl-rowcontainer-vc\"><div class=\"firwl-rowcontent\"><div class=\"benficios-borde wpb_column vc_column_container vc_col-sm-12 vc_col-has-fill\"><div class=\"vc_column-inner vc_custom_1731554129426\"><div class=\"wpb_wrapper\">\t\t\t<hr class=\"firwl-spacer-s\">\n\t\t\n\t<div  class=\"wpb_single_image wpb_content_element vc_align_left wpb_content_element\">\n\t\t\n\t\t<figure class=\"wpb_wrapper vc_figure\">\n\t\t\t<div class=\"vc_single_image-wrapper   vc_box_border_grey\"><img loading=\"lazy\" decoding=\"async\" width=\"95\" height=\"95\" src=\"https:\/\/elitinfraservice.com\/wp-content\/uploads\/2024\/11\/Layer_1-16.png\" class=\"vc_single_image-img attachment-thumbnail\" alt=\"\" title=\"Layer_1 (16)\" \/><\/div>\n\t\t<\/figure>\n\t<\/div>\n\t\t\t<hr class=\"firwl-spacer-xs\">\n\t\t\n\t<div class=\"wpb_text_column wpb_content_element sub-title-beneficios\" >\n\t\t<div class=\"wpb_wrapper\">\n\t\t\t<p>Facilidad de Auditor\u00eda<\/p>\n\n\t\t<\/div>\n\t<\/div>\n\n\t<div class=\"wpb_text_column wpb_content_element beneficios-content\" >\n\t\t<div class=\"wpb_wrapper\">\n\t\t\t<p>Facilita la auditor\u00eda de accesos y actividades, lo que permite generar informes detallados que demuestran el cumplimiento de pol\u00edticas de seguridad.<\/p>\n\n\t\t<\/div>\n\t<\/div>\n\t\t\t<hr class=\"firwl-spacer-s\">\n\t\t<\/div><\/div><\/div><\/div><\/div><\/div><\/div><\/div><\/div><div class=\"wpb_column vc_column_container vc_col-sm-4\"><div class=\"vc_column-inner\"><div class=\"wpb_wrapper\"><div class=\"vc_empty_space\"   style=\"height: 15px\"><span class=\"vc_empty_space_inner\"><\/span><\/div><\/div><\/div><\/div><\/div><\/div><\/div><\/div><div class=\"firwl-vc-row-container\" ><div class=\"vc_row firwl-stickycont wpb_row firwl-vc_row\"><div class=\"firwl-rowcontainer-vc\"><div class=\"firwl-rowcontent\"><div class=\"wpb_column vc_column_container vc_col-sm-12\"><div class=\"vc_column-inner\"><div class=\"wpb_wrapper\">\t\t\t<hr class=\"firwl-spacer-m\">\n\t\t<\/div><\/div><\/div><\/div><\/div><\/div><\/div><div class=\"firwl-vc-row-container\"  id=\"section-cards\" ><div id=\"firwl-intid-section-cards\" class=\"vc_row firwl-stickycont wpb_row firwl-vc_row wpb_animate_when_almost_visible wpb_fadeIn fadeIn vc_custom_1558261052551 vc_column-gap-30\"><div class=\"firwl-rowcontainer-vc\"><div class=\"firwl-rowcontent\"><div class=\"wpb_column vc_column_container vc_col-sm-6\"><div class=\"vc_column-inner vc_custom_1731554423186\"><div class=\"wpb_wrapper\">\n\t<div class=\"wpb_text_column wpb_content_element titulo-p\" >\n\t\t<div class=\"wpb_wrapper\">\n\t\t\t<p>CARACTER\u00cdSTICAS<\/p>\n\n\t\t<\/div>\n\t<\/div>\n\t\t\t<hr class=\"firwl-spacer-s\">\n\t\t\n\t<div class=\"wpb_text_column wpb_content_element color-gris\" >\n\t\t<div class=\"wpb_wrapper\">\n\t\t\t<ul>\n<li>Almacenamiento Seguro de Contrase\u00f1as: repositorio centralizado para almacenar contrase\u00f1as de cuentas privilegiadas de manera cifrada.<\/li>\n<li>Pol\u00edticas de Acceso Granulares: definir y aplicar pol\u00edticas de acceso espec\u00edficas basadas en roles, garantizando que los usuarios autorizados tengan acceso a las cuentas privilegiadas.<\/li>\n<li>Autenticaci\u00f3n Multifactor (MFA): integra medidas de autenticaci\u00f3n adicionales para aumentar la seguridad en el acceso a cuentas cr\u00edticas.<\/li>\n<li>Registro y Auditor\u00eda Detallada: captura y almacena todas las actividades realizadas con cuentas privilegiadas, permitiendo auditor\u00edas exhaustivas y an\u00e1lisis forenses.<\/li>\n<li>Integraci\u00f3n con Otras Soluciones de Seguridad: integrar con otras herramientas de seguridad de la informaci\u00f3n para crear un ecosistema de ciberseguridad m\u00e1s robusto.<\/li>\n<\/ul>\n\n\t\t<\/div>\n\t<\/div>\n\t\t\t<hr class=\"firwl-spacer-s\">\n\t\t<\/div><\/div><\/div><div class=\"wpb_column vc_column_container vc_col-sm-6\"><div class=\"vc_column-inner\"><div class=\"wpb_wrapper\">\n\t<div class=\"wpb_text_column wpb_content_element\" >\n\t\t<div class=\"wpb_wrapper\">\n\t\t\t<p><img decoding=\"async\" class=\"w-100\" src=\"https:\/\/elitinfraservice.com\/wp-content\/uploads\/2024\/11\/pam-img.png\" alt=\"\" \/><\/p>\n\n\t\t<\/div>\n\t<\/div>\n<\/div><\/div><\/div><\/div><\/div><\/div><\/div>\n<\/div>","protected":false},"excerpt":{"rendered":"Privilege Access Management PAM Protege las cuentas privilegiadas de su organizaci\u00f3n, con nuestra soluci\u00f3n no solo asegura el almacenamiento de contrase\u00f1as, sino que tambi\u00e9n implementa medidas adicionales de seguridad que incluyen la monitorizaci\u00f3n de actividades y la aplicaci\u00f3n de pol\u00edticas de acceso. Esto ayuda a prevenir accesos no autorizados y [...]","protected":false},"author":1,"featured_media":0,"parent":0,"menu_order":0,"comment_status":"closed","ping_status":"closed","template":"","meta":{"footnotes":""},"class_list":["post-1968","page","type-page","status-publish","hentry"],"_links":{"self":[{"href":"https:\/\/elitinfraservice.com\/us\/wp-json\/wp\/v2\/pages\/1968","targetHints":{"allow":["GET"]}}],"collection":[{"href":"https:\/\/elitinfraservice.com\/us\/wp-json\/wp\/v2\/pages"}],"about":[{"href":"https:\/\/elitinfraservice.com\/us\/wp-json\/wp\/v2\/types\/page"}],"author":[{"embeddable":true,"href":"https:\/\/elitinfraservice.com\/us\/wp-json\/wp\/v2\/users\/1"}],"replies":[{"embeddable":true,"href":"https:\/\/elitinfraservice.com\/us\/wp-json\/wp\/v2\/comments?post=1968"}],"version-history":[{"count":3,"href":"https:\/\/elitinfraservice.com\/us\/wp-json\/wp\/v2\/pages\/1968\/revisions"}],"predecessor-version":[{"id":1974,"href":"https:\/\/elitinfraservice.com\/us\/wp-json\/wp\/v2\/pages\/1968\/revisions\/1974"}],"wp:attachment":[{"href":"https:\/\/elitinfraservice.com\/us\/wp-json\/wp\/v2\/media?parent=1968"}],"curies":[{"name":"wp","href":"https:\/\/api.w.org\/{rel}","templated":true}]}}