{"id":1948,"date":"2024-11-22T14:51:20","date_gmt":"2024-11-22T14:51:20","guid":{"rendered":"https:\/\/buromc.com\/?page_id=1948"},"modified":"2024-11-29T04:29:57","modified_gmt":"2024-11-29T04:29:57","slug":"compliance-3","status":"publish","type":"page","link":"https:\/\/elitinfraservice.com\/us\/compliance-3\/","title":{"rendered":"Compliance"},"content":{"rendered":"<div class=\"wpb-content-wrapper\"><div class=\"firwl-vc-row-container\" ><div class=\"vc_row firwl-stickycont wpb_row firwl-vc_row\"><div class=\"firwl-rowcontainer-vc\"><div class=\"firwl-rowcontent\"><div class=\"wpb_column vc_column_container vc_col-sm-12\"><div class=\"vc_column-inner\"><div class=\"wpb_wrapper\"><div class=\"vc_row wpb_row vc_inner firwl-vc_row\"><div class=\"firwl-rowcontainer-vc\"><div class=\"firwl-rowcontent\"><div class=\"wpb_column vc_column_container vc_col-sm-12\"><div class=\"vc_column-inner\"><div class=\"wpb_wrapper\">\n\t<div class=\"wpb_text_column wpb_content_element\" >\n\t\t<div class=\"wpb_wrapper\">\n\t\t\t<div class=\"float-left\"><img decoding=\"async\" src=\"https:\/\/elitinfraservice.com\/wp-content\/uploads\/2024\/11\/Layer_1-9.png\" width=\"75px\" \/><\/div>\n<div class=\"title-section-assessment-multiple float-left\">Compliance<\/div>\n\n\t\t<\/div>\n\t<\/div>\n<\/div><\/div><\/div><\/div><\/div><\/div>\t\t\t<hr class=\"firwl-spacer-s\">\n\t\t\n\t<div class=\"wpb_text_column wpb_content_element color-gris\" >\n\t\t<div class=\"wpb_wrapper\">\n\t\t\t<p>Nuestro Assessment Center tambi\u00e9n se enfoca en el cumplimiento normativo, ayudando a su organizaci\u00f3n a identificar y abordar brechas en sus pol\u00edticas y pr\u00e1cticas de seguridad.<\/p>\n\n\t\t<\/div>\n\t<\/div>\n\t\t\t<hr class=\"firwl-spacer-s\">\n\t\t<\/div><\/div><\/div><\/div><\/div><\/div><\/div><div class=\"firwl-vc-row-container\" ><div class=\"vc_row firwl-stickycont wpb_row firwl-vc_row overflow-visible equal-height-container vc_custom_1732286086374 vc_row-has-fill vc_row-o-equal-height vc_row-flex\"><div class=\"firwl-container firwl-rowcontainer-vc\"><div class=\"firwl-rowcontent\"><div class=\"wpb_column vc_column_container vc_col-sm-4\"><div class=\"vc_column-inner\"><div class=\"wpb_wrapper\"><div class=\"vc_empty_space\"   style=\"height: 15px\"><span class=\"vc_empty_space_inner\"><\/span><\/div><div class=\"vc_row wpb_row vc_inner firwl-vc_row vc_custom_1731471674279\"><div class=\"firwl-rowcontainer-vc\"><div class=\"firwl-rowcontent\"><div class=\"benficios-borde wpb_column vc_column_container vc_col-sm-12 vc_col-has-fill\"><div class=\"vc_column-inner vc_custom_1731554129426\"><div class=\"wpb_wrapper\">\t\t\t<hr class=\"firwl-spacer-s\">\n\t\t\n\t<div  class=\"wpb_single_image wpb_content_element vc_align_left wpb_content_element\">\n\t\t\n\t\t<figure class=\"wpb_wrapper vc_figure\">\n\t\t\t<div class=\"vc_single_image-wrapper   vc_box_border_grey\"><img loading=\"lazy\" decoding=\"async\" width=\"95\" height=\"95\" src=\"https:\/\/elitinfraservice.com\/wp-content\/uploads\/2024\/11\/Layer_1-10.png\" class=\"vc_single_image-img attachment-thumbnail\" alt=\"\" title=\"Layer_1 (10)\" \/><\/div>\n\t\t<\/figure>\n\t<\/div>\n\t\t\t<hr class=\"firwl-spacer-xs\">\n\t\t\n\t<div class=\"wpb_text_column wpb_content_element sub-title-beneficios\" >\n\t\t<div class=\"wpb_wrapper\">\n\t\t\t<p>Conformidad optimizada<\/p>\n\n\t\t<\/div>\n\t<\/div>\n\n\t<div class=\"wpb_text_column wpb_content_element beneficios-content\" >\n\t\t<div class=\"wpb_wrapper\">\n\t\t\t<p>Determine su grado de cumplimiento con normativas relevantes como ISO 27001, PCI DSS, y otras regulaciones aplicables en su sector.<\/p>\n\n\t\t<\/div>\n\t<\/div>\n\t\t\t<hr class=\"firwl-spacer-s\">\n\t\t<\/div><\/div><\/div><\/div><\/div><\/div><\/div><\/div><\/div><div class=\"wpb_column vc_column_container vc_col-sm-4\"><div class=\"vc_column-inner vc_custom_1731471764839\"><div class=\"wpb_wrapper\"><div class=\"vc_empty_space\"   style=\"height: 15px\"><span class=\"vc_empty_space_inner\"><\/span><\/div><div class=\"vc_row wpb_row vc_inner firwl-vc_row vc_custom_1731471674279\"><div class=\"firwl-rowcontainer-vc\"><div class=\"firwl-rowcontent\"><div class=\"benficios-borde wpb_column vc_column_container vc_col-sm-12 vc_col-has-fill\"><div class=\"vc_column-inner vc_custom_1731554129426\"><div class=\"wpb_wrapper\">\t\t\t<hr class=\"firwl-spacer-s\">\n\t\t\n\t<div  class=\"wpb_single_image wpb_content_element vc_align_left wpb_content_element\">\n\t\t\n\t\t<figure class=\"wpb_wrapper vc_figure\">\n\t\t\t<div class=\"vc_single_image-wrapper   vc_box_border_grey\"><img loading=\"lazy\" decoding=\"async\" width=\"95\" height=\"95\" src=\"https:\/\/elitinfraservice.com\/wp-content\/uploads\/2024\/11\/Layer_1-11.png\" class=\"vc_single_image-img attachment-thumbnail\" alt=\"\" title=\"Layer_1 (11)\" \/><\/div>\n\t\t<\/figure>\n\t<\/div>\n\t\t\t<hr class=\"firwl-spacer-xs\">\n\t\t\n\t<div class=\"wpb_text_column wpb_content_element sub-title-beneficios\" >\n\t\t<div class=\"wpb_wrapper\">\n\t\t\t<p>Recomendaciones personalizadas<\/p>\n\n\t\t<\/div>\n\t<\/div>\n\n\t<div class=\"wpb_text_column wpb_content_element beneficios-content\" >\n\t\t<div class=\"wpb_wrapper\">\n\t\t\t<p>Reciba un informe que incluye acciones pr\u00e1cticas para alinear sus procesos con los requisitos regulatorios y mitigar riesgos.<\/p>\n\n\t\t<\/div>\n\t<\/div>\n\t\t\t<hr class=\"firwl-spacer-s\">\n\t\t<\/div><\/div><\/div><\/div><\/div><\/div><\/div><\/div><\/div><div class=\"wpb_column vc_column_container vc_col-sm-4\"><div class=\"vc_column-inner\"><div class=\"wpb_wrapper\"><div class=\"vc_empty_space\"   style=\"height: 15px\"><span class=\"vc_empty_space_inner\"><\/span><\/div><div class=\"vc_row wpb_row vc_inner firwl-vc_row vc_custom_1731471674279\"><div class=\"firwl-rowcontainer-vc\"><div class=\"firwl-rowcontent\"><div class=\"benficios-borde wpb_column vc_column_container vc_col-sm-12 vc_col-has-fill\"><div class=\"vc_column-inner vc_custom_1731554129426\"><div class=\"wpb_wrapper\">\t\t\t<hr class=\"firwl-spacer-s\">\n\t\t\n\t<div  class=\"wpb_single_image wpb_content_element vc_align_left wpb_content_element\">\n\t\t\n\t\t<figure class=\"wpb_wrapper vc_figure\">\n\t\t\t<div class=\"vc_single_image-wrapper   vc_box_border_grey\"><img loading=\"lazy\" decoding=\"async\" width=\"95\" height=\"95\" src=\"https:\/\/elitinfraservice.com\/wp-content\/uploads\/2024\/11\/Layer_1-12.png\" class=\"vc_single_image-img attachment-thumbnail\" alt=\"\" title=\"Layer_1 (12)\" \/><\/div>\n\t\t<\/figure>\n\t<\/div>\n\t\t\t<hr class=\"firwl-spacer-xs\">\n\t\t\n\t<div class=\"wpb_text_column wpb_content_element sub-title-beneficios\" >\n\t\t<div class=\"wpb_wrapper\">\n\t\t\t<p>Reducci\u00f3n de riesgos legales<\/p>\n\n\t\t<\/div>\n\t<\/div>\n\n\t<div class=\"wpb_text_column wpb_content_element beneficios-content\" >\n\t\t<div class=\"wpb_wrapper\">\n\t\t\t<p>Minimice la exposici\u00f3n a sanciones y multas asociadas con el incumplimiento normativo.<\/p>\n\n\t\t<\/div>\n\t<\/div>\n\t\t\t<hr class=\"firwl-spacer-s\">\n\t\t<\/div><\/div><\/div><\/div><\/div><\/div><\/div><\/div><\/div><\/div><\/div><\/div><\/div><div class=\"firwl-vc-row-container\" ><div class=\"vc_row firwl-stickycont wpb_row firwl-vc_row\"><div class=\"firwl-rowcontainer-vc\"><div class=\"firwl-rowcontent\"><div class=\"wpb_column vc_column_container vc_col-sm-12\"><div class=\"vc_column-inner\"><div class=\"wpb_wrapper\">\t\t\t<hr class=\"firwl-spacer-s\">\n\t\t<\/div><\/div><\/div><\/div><\/div><\/div><\/div><div class=\"firwl-vc-row-container\" ><div class=\"vc_row firwl-stickycont wpb_row firwl-vc_row overflow-visible equal-height-container vc_custom_1732286103621 vc_row-has-fill vc_row-o-equal-height vc_row-flex\"><div class=\"firwl-container firwl-rowcontainer-vc\"><div class=\"firwl-rowcontent\"><div class=\"wpb_column vc_column_container vc_col-sm-4\"><div class=\"vc_column-inner\"><div class=\"wpb_wrapper\"><div class=\"vc_empty_space\"   style=\"height: 15px\"><span class=\"vc_empty_space_inner\"><\/span><\/div><div class=\"vc_row wpb_row vc_inner firwl-vc_row vc_custom_1731471674279\"><div class=\"firwl-rowcontainer-vc\"><div class=\"firwl-rowcontent\"><div class=\"benficios-borde wpb_column vc_column_container vc_col-sm-12 vc_col-has-fill\"><div class=\"vc_column-inner vc_custom_1731554129426\"><div class=\"wpb_wrapper\">\t\t\t<hr class=\"firwl-spacer-s\">\n\t\t\n\t<div  class=\"wpb_single_image wpb_content_element vc_align_left wpb_content_element\">\n\t\t\n\t\t<figure class=\"wpb_wrapper vc_figure\">\n\t\t\t<div class=\"vc_single_image-wrapper   vc_box_border_grey\"><img loading=\"lazy\" decoding=\"async\" width=\"95\" height=\"95\" src=\"https:\/\/elitinfraservice.com\/wp-content\/uploads\/2024\/11\/Layer_1-13.png\" class=\"vc_single_image-img attachment-thumbnail\" alt=\"\" title=\"Layer_1 (13)\" \/><\/div>\n\t\t<\/figure>\n\t<\/div>\n\t\t\t<hr class=\"firwl-spacer-xs\">\n\t\t\n\t<div class=\"wpb_text_column wpb_content_element sub-title-beneficios\" >\n\t\t<div class=\"wpb_wrapper\">\n\t\t\t<p>Fortalecimiento de la reputaci\u00f3n empresarial<\/p>\n\n\t\t<\/div>\n\t<\/div>\n\n\t<div class=\"wpb_text_column wpb_content_element beneficios-content\" >\n\t\t<div class=\"wpb_wrapper\">\n\t\t\t<p>Cumplimiento puede resultar en una mayor confianza de sus clientes y socios comerciales.<\/p>\n\n\t\t<\/div>\n\t<\/div>\n\t\t\t<hr class=\"firwl-spacer-s\">\n\t\t<\/div><\/div><\/div><\/div><\/div><\/div><\/div><\/div><\/div><div class=\"wpb_column vc_column_container vc_col-sm-4\"><div class=\"vc_column-inner vc_custom_1731471764839\"><div class=\"wpb_wrapper\"><\/div><\/div><\/div><div class=\"wpb_column vc_column_container vc_col-sm-4\"><div class=\"vc_column-inner\"><div class=\"wpb_wrapper\"><\/div><\/div><\/div><\/div><\/div><\/div><\/div><div class=\"firwl-vc-row-container\" ><div class=\"vc_row firwl-stickycont wpb_row firwl-vc_row\"><div class=\"firwl-rowcontainer-vc\"><div class=\"firwl-rowcontent\"><div class=\"wpb_column vc_column_container vc_col-sm-12\"><div class=\"vc_column-inner\"><div class=\"wpb_wrapper\">\t\t\t<hr class=\"firwl-spacer-m\">\n\t\t<\/div><\/div><\/div><\/div><\/div><\/div><\/div><div class=\"firwl-vc-row-container\"  id=\"section-cards\" ><div id=\"firwl-intid-section-cards\" class=\"vc_row firwl-stickycont wpb_row firwl-vc_row wpb_animate_when_almost_visible wpb_fadeIn fadeIn vc_custom_1558261052551 vc_column-gap-30\"><div class=\"firwl-rowcontainer-vc\"><div class=\"firwl-rowcontent\"><div class=\"wpb_column vc_column_container vc_col-sm-6\"><div class=\"vc_column-inner vc_custom_1731554423186\"><div class=\"wpb_wrapper\">\n\t<div class=\"wpb_text_column wpb_content_element titulo-p\" >\n\t\t<div class=\"wpb_wrapper\">\n\t\t\t<p>CARACTER\u00cdSTICAS<\/p>\n\n\t\t<\/div>\n\t<\/div>\n\t\t\t<hr class=\"firwl-spacer-s\">\n\t\t\n\t<div class=\"wpb_text_column wpb_content_element color-gris\" >\n\t\t<div class=\"wpb_wrapper\">\n\t\t\t<ul>\n<li>Evaluaci\u00f3n integral: revisi\u00f3n exhaustiva de sus pol\u00edticas de seguridad y procedimientos operativos, asegurando que est\u00e9n en conformidad con las mejores pr\u00e1cticas del sector.<\/li>\n<li>Herramientas de evaluaci\u00f3n robustas: con tecnolog\u00eda y cuestionarios que simplifican el proceso de evaluaci\u00f3n, facilitando la identificaci\u00f3n de los aspectos que deben cubrirse de acuerdo con su regulaci\u00f3n.<\/li>\n<li>Plan de acci\u00f3n: ofrecemos un plan de acci\u00f3n que incluye hitos y m\u00e9tricas para evaluar el progreso y cumplimiento en la conformidad.<\/li>\n<li>Sesiones de capacitaci\u00f3n: proporcionamos formaci\u00f3n y recursos para garantizar que su equipo est\u00e9 al tanto de las regulaciones y mejores pr\u00e1cticas pertinentes.<\/li>\n<\/ul>\n\n\t\t<\/div>\n\t<\/div>\n\t\t\t<hr class=\"firwl-spacer-s\">\n\t\t<\/div><\/div><\/div><div class=\"wpb_column vc_column_container vc_col-sm-6\"><div class=\"vc_column-inner\"><div class=\"wpb_wrapper\">\n\t<div class=\"wpb_text_column wpb_content_element\" >\n\t\t<div class=\"wpb_wrapper\">\n\t\t\t<p><img decoding=\"async\" class=\"w-100\" src=\"https:\/\/elitinfraservice.com\/wp-content\/uploads\/2024\/11\/compliance-img.png\" alt=\"\" \/><\/p>\n\n\t\t<\/div>\n\t<\/div>\n<\/div><\/div><\/div><\/div><\/div><\/div><\/div>\n<\/div>","protected":false},"excerpt":{"rendered":"Compliance Nuestro Assessment Center tambi\u00e9n se enfoca en el cumplimiento normativo, ayudando a su organizaci\u00f3n a identificar y abordar brechas en sus pol\u00edticas y pr\u00e1cticas de seguridad. Conformidad optimizada Determine su grado de cumplimiento con normativas relevantes como ISO 27001, PCI DSS, y otras regulaciones aplicables en su sector. Recomendaciones [...]","protected":false},"author":1,"featured_media":0,"parent":0,"menu_order":0,"comment_status":"closed","ping_status":"closed","template":"","meta":{"footnotes":""},"class_list":["post-1948","page","type-page","status-publish","hentry"],"_links":{"self":[{"href":"https:\/\/elitinfraservice.com\/us\/wp-json\/wp\/v2\/pages\/1948","targetHints":{"allow":["GET"]}}],"collection":[{"href":"https:\/\/elitinfraservice.com\/us\/wp-json\/wp\/v2\/pages"}],"about":[{"href":"https:\/\/elitinfraservice.com\/us\/wp-json\/wp\/v2\/types\/page"}],"author":[{"embeddable":true,"href":"https:\/\/elitinfraservice.com\/us\/wp-json\/wp\/v2\/users\/1"}],"replies":[{"embeddable":true,"href":"https:\/\/elitinfraservice.com\/us\/wp-json\/wp\/v2\/comments?post=1948"}],"version-history":[{"count":4,"href":"https:\/\/elitinfraservice.com\/us\/wp-json\/wp\/v2\/pages\/1948\/revisions"}],"predecessor-version":[{"id":2130,"href":"https:\/\/elitinfraservice.com\/us\/wp-json\/wp\/v2\/pages\/1948\/revisions\/2130"}],"wp:attachment":[{"href":"https:\/\/elitinfraservice.com\/us\/wp-json\/wp\/v2\/media?parent=1948"}],"curies":[{"name":"wp","href":"https:\/\/api.w.org\/{rel}","templated":true}]}}