{"id":1786,"date":"2024-11-20T18:47:13","date_gmt":"2024-11-20T18:47:13","guid":{"rendered":"https:\/\/buromc.com\/?page_id=1786"},"modified":"2025-03-12T02:01:32","modified_gmt":"2025-03-12T02:01:32","slug":"logistica","status":"publish","type":"page","link":"https:\/\/elitinfraservice.com\/us\/logistica\/","title":{"rendered":"Logistics"},"content":{"rendered":"<div class=\"wpb-content-wrapper\"><section class=\"vc_section vc_custom_1558530290688 vc_section-has-fill\"><div class=\"firwl-vc-row-container\" ><div class=\"vc_row firwl-stickycont wpb_row firwl-vc_row\"><div class=\"firwl-rowcontainer-vc\"><div class=\"firwl-rowcontent\"><div class=\"wpb_column vc_column_container vc_col-sm-12\"><div class=\"vc_column-inner\"><div class=\"wpb_wrapper\">\n\t\t\t<!-- START logisitca REVOLUTION SLIDER 6.6.15 --><p class=\"rs-p-wp-fix\"><\/p>\n\t\t\t<rs-module-wrap id=\"rev_slider_7_1_wrapper\" data-source=\"gallery\" style=\"visibility:hidden;background:transparent;padding:0;margin:0px auto;margin-top:0;margin-bottom:0;\">\n\t\t\t\t<rs-module id=\"rev_slider_7_1\" style=\"\" data-version=\"6.6.15\">\n\t\t\t\t\t<rs-slides style=\"overflow: hidden; position: absolute;\">\n\t\t\t\t\t\t<rs-slide style=\"position: absolute;\" data-key=\"rs-18\" data-title=\"Slide\" data-in=\"o:0;col:400;\" data-out=\"a:false;\">\n\t\t\t\t\t\t\t<img decoding=\"async\" src=\"\/\/elitinfraservice.com\/wp-content\/plugins\/revslider\/public\/assets\/assets\/dummy.png\" alt=\"\" title=\"logistica\" width=\"1920\" height=\"800\" class=\"rev-slidebg tp-rs-img rs-lazyload\" data-lazyload=\"\/\/elitinfraservice.com\/wp-content\/uploads\/2019\/05\/logistica-1.jpg\" data-no-retina>\n<!--\n\t\t\t\t\t\t\t--><rs-group\n\t\t\t\t\t\t\t\tid=\"slider-7-slide-18-layer-0\" \n\t\t\t\t\t\t\t\tdata-type=\"group\"\n\t\t\t\t\t\t\t\tdata-rsp_ch=\"on\"\n\t\t\t\t\t\t\t\tdata-xy=\"x:43px;y:c;yo:-3px;\"\n\t\t\t\t\t\t\t\tdata-text=\"w:normal;\"\n\t\t\t\t\t\t\t\tdata-dim=\"w:634px;h:286px;\"\n\t\t\t\t\t\t\t\tdata-frame_0=\"o:1;\"\n\t\t\t\t\t\t\t\tdata-frame_999=\"o:0;st:w;sR:8700;sA:9000;\"\n\t\t\t\t\t\t\t\tstyle=\"z-index:6;\"\n\t\t\t\t\t\t\t><!--\n\t\t\t\t\t\t\t\t--><rs-layer\n\t\t\t\t\t\t\t\t\tid=\"slider-7-slide-18-layer-5\" \n\t\t\t\t\t\t\t\t\tdata-type=\"text\"\n\t\t\t\t\t\t\t\t\tdata-color=\"#ffffff\"\n\t\t\t\t\t\t\t\t\tdata-rsp_ch=\"on\"\n\t\t\t\t\t\t\t\t\tdata-xy=\"x:1px;y:-9px;\"\n\t\t\t\t\t\t\t\t\tdata-pos=\"a\"\n\t\t\t\t\t\t\t\t\tdata-text=\"w:normal;s:14;l:44;fw:500;\"\n\t\t\t\t\t\t\t\t\tdata-dim=\"w:118px;minh:0px;\"\n\t\t\t\t\t\t\t\t\tdata-frame_1=\"st:300;sp:400;sR:300;\"\n\t\t\t\t\t\t\t\t\tdata-frame_999=\"o:0;st:w;sR:8300;\"\n\t\t\t\t\t\t\t\t\tstyle=\"z-index:9;font-family:'Rubik';\"\n\t\t\t\t\t\t\t\t>Industry \n\t\t\t\t\t\t\t\t<\/rs-layer><!--\n\n\t\t\t\t\t\t\t\t--><rs-layer\n\t\t\t\t\t\t\t\t\tid=\"slider-7-slide-18-layer-1\" \n\t\t\t\t\t\t\t\t\tdata-type=\"text\"\n\t\t\t\t\t\t\t\t\tdata-color=\"#ffffff\"\n\t\t\t\t\t\t\t\t\tdata-rsp_ch=\"on\"\n\t\t\t\t\t\t\t\t\tdata-xy=\"y:33px;\"\n\t\t\t\t\t\t\t\t\tdata-pos=\"a\"\n\t\t\t\t\t\t\t\t\tdata-text=\"w:normal;s:40;l:44;fw:500;\"\n\t\t\t\t\t\t\t\t\tdata-dim=\"w:522px;minh:0px;\"\n\t\t\t\t\t\t\t\t\tdata-frame_1=\"st:300;sp:400;sR:300;\"\n\t\t\t\t\t\t\t\t\tdata-frame_999=\"o:0;st:w;sR:8300;\"\n\t\t\t\t\t\t\t\t\tstyle=\"z-index:8;font-family:'Rubik';\"\n\t\t\t\t\t\t\t\t>Logistics \n\t\t\t\t\t\t\t\t<\/rs-layer><!--\n\n\t\t\t\t\t\t\t\t--><rs-layer\n\t\t\t\t\t\t\t\t\tid=\"slider-7-slide-18-layer-2\" \n\t\t\t\t\t\t\t\t\tdata-type=\"text\"\n\t\t\t\t\t\t\t\t\tdata-color=\"#ffffff\"\n\t\t\t\t\t\t\t\t\tdata-rsp_ch=\"on\"\n\t\t\t\t\t\t\t\t\tdata-xy=\"x:-1px;y:103px;\"\n\t\t\t\t\t\t\t\t\tdata-pos=\"a\"\n\t\t\t\t\t\t\t\t\tdata-text=\"w:normal;s:15;l:24;fw:500;\"\n\t\t\t\t\t\t\t\t\tdata-dim=\"w:522px;minh:0px;\"\n\t\t\t\t\t\t\t\t\tdata-frame_1=\"st:300;sp:400;sR:300;\"\n\t\t\t\t\t\t\t\t\tdata-frame_999=\"o:0;st:w;sR:8300;\"\n\t\t\t\t\t\t\t\t\tstyle=\"z-index:7;font-family:'Karla';\"\n\t\t\t\t\t\t\t\t>We offer technological solutions to optimize logistics processes, reduce costs, and improve operational efficiency. Our IT infrastructure centralizes real-time information, automates tasks, and ensures business continuity. \n\t\t\t\t\t\t\t\t<\/rs-layer><!--\n\n\t\t\t\t\t\t\t\t--><a\n\t\t\t\t\t\t\t\t\tid=\"slider-7-slide-18-layer-4\" \n\t\t\t\t\t\t\t\t\tclass=\"rs-layer\"\n\t\t\t\t\t\t\t\t\thref=\"#contacto\" target=\"_self\"\n\t\t\t\t\t\t\t\t\tdata-type=\"image\"\n\t\t\t\t\t\t\t\t\tdata-rsp_ch=\"on\"\n\t\t\t\t\t\t\t\t\tdata-xy=\"x:1px;y:231px;\"\n\t\t\t\t\t\t\t\t\tdata-pos=\"a\"\n\t\t\t\t\t\t\t\t\tdata-text=\"w:normal;\"\n\t\t\t\t\t\t\t\t\tdata-dim=\"w:181px;h:53px;\"\n\t\t\t\t\t\t\t\t\tdata-frame_1=\"st:1460;sp:400;sR:1460;\"\n\t\t\t\t\t\t\t\t\tdata-frame_999=\"o:0;st:w;sR:7240;\"\n\t\t\t\t\t\t\t\t\tdata-frame_hover=\"bri:77%;\"\n\t\t\t\t\t\t\t\t\tstyle=\"z-index:6;\"\n\t\t\t\t\t\t\t\t><img decoding=\"async\" src=\"\/\/elitinfraservice.com\/wp-content\/plugins\/revslider\/public\/assets\/assets\/dummy.png\" alt=\"\" class=\"tp-rs-img rs-lazyload\" width=\"258\" height=\"76\" data-lazyload=\"\/\/elitinfraservice.com\/wp-content\/uploads\/2019\/05\/button-2.png\" data-no-retina> \n\t\t\t\t\t\t\t\t<\/a><!--\n\t\t\t\t\t\t\t--><\/rs-group><!--\n-->\t\t\t\t\t\t<\/rs-slide>\n\t\t\t\t\t<\/rs-slides>\n\t\t\t\t\t<rs-static-layers><!--\n\t\t\t\t\t--><\/rs-static-layers>\n\t\t\t\t<\/rs-module>\n\t\t\t\t<script>\n\t\t\t\t\tsetREVStartSize({c: 'rev_slider_7_1',rl:[1240,1024,778,480],el:[600],gw:[1240],gh:[600],type:'standard',justify:'',layout:'fullwidth',mh:\"0\"});if (window.RS_MODULES!==undefined && window.RS_MODULES.modules!==undefined && window.RS_MODULES.modules[\"revslider71\"]!==undefined) {window.RS_MODULES.modules[\"revslider71\"].once = false;window.revapi7 = undefined;if (window.RS_MODULES.checkMinimal!==undefined) window.RS_MODULES.checkMinimal()}\n\t\t\t\t<\/script>\n\t\t\t<\/rs-module-wrap>\n\t\t\t<!-- END REVOLUTION SLIDER -->\n<\/div><\/div><\/div><\/div><\/div><\/div><\/div><\/section><div class=\"firwl-vc-row-container\" ><div class=\"vc_row firwl-stickycont wpb_row firwl-vc_row\"><div class=\"firwl-container firwl-rowcontainer-vc\"><div class=\"firwl-rowcontent\"><div class=\"wpb_column vc_column_container vc_col-sm-12\"><div class=\"vc_column-inner\"><div class=\"wpb_wrapper\">\t\t\t<hr class=\"firwl-spacer-m\">\n\t\t\n\t\t<div class=\"firwl-section-caption sec-sec-home align-left-cont\">\n\n\t\t\t\t\t\t\t<h6 class=\"firwl-caption firwl-gradtext\"><span>Industry<\/span><\/h6>\n\t\t\t\t\t\t<\/div>\n\t\t<\/div><\/div><\/div><\/div><\/div><\/div><\/div><div class=\"firwl-vc-row-container\" ><div class=\"vc_row firwl-stickycont wpb_row firwl-vc_row vc_row-o-equal-height vc_row-flex\"><div class=\"firwl-container firwl-rowcontainer-vc\"><div class=\"firwl-rowcontent\"><div class=\"wpb_column vc_column_container vc_col-sm-6\"><div class=\"vc_column-inner\"><div class=\"wpb_wrapper\">\n\t\t<div class=\"firwl-section-caption sec-sec-home align-left-cont\">\n\n\t\t\t\t\t\t\t<h2 class=\"firwl-capfont firwl-glitchtxt\" data-firwl-text=\"Log\u00edstica\">Logistics<\/h2>\n\t\t\t\t\t\t<\/div>\n\t\t\t\t\t<hr class=\"firwl-spacer-s\">\n\t\t\n\t<div class=\"wpb_text_column wpb_content_element texto-sec-small\" >\n\t\t<div class=\"wpb_wrapper\">\n\t\t\t<p>The logistics industry faces increasingly demanding challenges. The need to streamline deliveries, optimize costs, and adopt technologies such as IoT, Big Data, and Artificial Intelligence is key to improving efficiency. Ensuring data security, system scalability, and seamless integration between platforms has become essential for achieving more resilient and competitive operations.<br \/>\nAt Elit Infrastructure Services, we offer solutions designed to optimize processes, reduce costs, and improve operational management. Our IT infrastructure centralizes real-time information, automates critical tasks, and ensures business continuity in a dynamic and highly competitive environment.<\/p>\n<p>Solutions:<\/p>\n<ul>\n<li>Cloud infrastructure: Cloud platforms that ensure availability, secure access, and high performance in logistics management.<\/li>\n<li>Network and data center optimization: IT architectures designed to improve connectivity and efficiency at every stage of the supply chain.<\/li>\n<li>Advanced cybersecurity: Comprehensive data and operations protection with solutions that guarantee continuity and resilience against cyberthreats.<\/li>\n<li>Automation and predictive analytics: Use of Artificial Intelligence and Big Data to optimize routes, forecast demand, and improve inventory management.<\/li>\n<\/ul>\n<p>At Elit Infrastructure Services, we understand the industry's challenges and provide the necessary technology to make every stage of the operation more efficient.<\/p>\n\n\t\t<\/div>\n\t<\/div>\n<\/div><\/div><\/div><div class=\"wpb_column vc_column_container vc_col-sm-6\"><div class=\"vc_column-inner\"><div class=\"wpb_wrapper\">\n\t<div class=\"wpb_text_column wpb_content_element\" >\n\t\t<div class=\"wpb_wrapper\">\n\t\t\t<p><img decoding=\"async\" class=\"w-100\" src=\"https:\/\/elitinfraservice.com\/wp-content\/uploads\/2025\/03\/Subtract.png\" alt=\"\" \/><\/p>\n\n\t\t<\/div>\n\t<\/div>\n<\/div><\/div><\/div><\/div><\/div><\/div><\/div><div class=\"firwl-vc-row-container\" ><div class=\"vc_row firwl-stickycont wpb_row firwl-vc_row suscribe-section vc_custom_1731037851338 vc_row-has-fill vc_column-gap-15\"><div class=\"firwl-container firwl-rowcontainer-vc\"><div class=\"firwl-rowcontent\"><div class=\"wpb_column vc_column_container vc_col-sm-12\"><div class=\"vc_column-inner vc_custom_1731036677056\"><div class=\"wpb_wrapper\">\t\t\t<hr class=\"firwl-spacer-m\">\n\t\t<div class=\"vc_row wpb_row vc_inner firwl-vc_row content-suscribete vc_custom_1741744877681 vc_row-has-fill\"><div class=\"firwl-rowcontainer-vc\"><div class=\"firwl-rowcontent\"><div class=\"wpb_column vc_column_container vc_col-sm-12\"><div class=\"vc_column-inner vc_custom_1731038607818\"><div class=\"wpb_wrapper\"><div class=\"vc_empty_space\"   style=\"height: 32px\"><span class=\"vc_empty_space_inner\"><\/span><\/div>\n\t\t<div class=\"firwl-section-caption our-model-section novedades-section2 padding-20-horizontal\">\n\n\t\t\t\t\t\t\t<h6 class=\"firwl-caption firwl-gradtext\"><span>NEWS<\/span><\/h6>\n\t\t\t\t\t\t\t\t<h2 class=\"firwl-capfont firwl-glitchtxt\" data-firwl-text=\"Suscr\u00edbete\">SUBSCRIBE<\/h2>\n\t\t\t\t\t\t\t\t<p>Receive all the most relevant information on cybersecurity, infrastructure, and digital\narchitecture.<\/p>\n\t\t\t\t\t\t<\/div>\n\t\t <p class=\"aligncenter\"><a href=\"https:\/\/doitdig-buromc.odoo.com\/newsletter\"  target=\"_blank\"  \n\t\tclass=\"firwl-btn  aligncenter button-azul firwl-btn__l\">LEARN MORE<\/a><\/p><div class=\"vc_empty_space\"   style=\"height: 32px\"><span class=\"vc_empty_space_inner\"><\/span><\/div><\/div><\/div><\/div><\/div><\/div><\/div><\/div><\/div><\/div><\/div><\/div><\/div><\/div><div class=\"firwl-vc-row-container\" ><div class=\"vc_row firwl-stickycont wpb_row firwl-vc_row vc_custom_1741744890914 vc_row-has-fill vc_column-gap-15 firwl-negative\"><div class=\"firwl-rowcontainer-vc\"><div class=\"firwl-rowcontent\"><div class=\"wpb_column vc_column_container vc_col-sm-12\"><div class=\"vc_column-inner\"><div class=\"wpb_wrapper firwl-vc_section\"><div id=\"contacto\" class=\"vc_row wpb_row vc_inner firwl-vc_row\"><div class=\"firwl-container firwl-rowcontainer-vc\"><div class=\"firwl-rowcontent\"><div class=\"wpb_column vc_column_container vc_col-sm-2\"><div class=\"vc_column-inner\"><div class=\"wpb_wrapper\"><\/div><\/div><\/div><div class=\"wpb_column vc_column_container vc_col-sm-8\"><div class=\"vc_column-inner\"><div class=\"wpb_wrapper\">\t\t\t<hr class=\"firwl-spacer-m\">\n\t\t\t\t\t<hr class=\"firwl-spacer-m\">\n\t\t\t\t\t<hr class=\"firwl-spacer-m\">\n\t\t<\/div><\/div><\/div><div class=\"wpb_column vc_column_container vc_col-sm-2\"><div class=\"vc_column-inner\"><div class=\"wpb_wrapper\"><\/div><\/div><\/div><\/div><\/div><\/div><div class=\"vc_row wpb_row vc_inner firwl-vc_row formulario-home vc_column-gap-35\"><div class=\"firwl-container firwl-rowcontainer-vc\"><div class=\"firwl-rowcontent\"><div class=\"wpb_column vc_column_container vc_col-sm-6\"><div class=\"vc_column-inner vc_custom_1731128366239\"><div class=\"wpb_wrapper\">\t\t\t<hr class=\"firwl-spacer-m\">\n\t\t\t\t<div>\n\t\t\t<h6  class=\"firwl-element-caption firwl-caption caption-form-left firwl-caption__xs\"><span  data-firwl-text=\"CONTACTO\" class=\"firwl-glitchtxt\">CONTACT<\/span><\/h6>\t\t<\/div>\n\n\t\n\n\n\t\t\n\t<div class=\"wpb_text_column wpb_content_element firwl-small text-below-caption-form-left\" >\n\t\t<div class=\"wpb_wrapper\">\n\t\t\t<p>+52 55 6270 7000<br \/>\n+52 56 5100 8613<\/p>\n\n\t\t<\/div>\n\t<\/div>\n\t\t\t<hr class=\"firwl-spacer-xs\">\n\t\t\t\t<div>\n\t\t\t<h6  class=\"firwl-element-caption firwl-caption caption-form-left firwl-caption__xs\"><span  data-firwl-text=\"Mail\" class=\"firwl-glitchtxt\">Mail<\/span><\/h6>\t\t<\/div>\n\n\t\n\n\n\t\t\n\t<div class=\"wpb_text_column wpb_content_element firwl-small text-below-caption-form-left\" >\n\t\t<div class=\"wpb_wrapper\">\n\t\t\t<p>admmarketing@buromc.com<\/p>\n\n\t\t<\/div>\n\t<\/div>\n\t\t\t<hr class=\"firwl-spacer-xs\">\n\t\t\t\t<div>\n\t\t\t<h6  class=\"firwl-element-caption firwl-caption caption-form-left firwl-caption__xs\"><span  data-firwl-text=\"DIRECCI\u00d3N\" class=\"firwl-glitchtxt\">ADDRESS<\/span><\/h6>\t\t<\/div>\n\n\t\n\n\n\t\t\n\t<div class=\"wpb_text_column wpb_content_element firwl-small\" >\n\t\t<div class=\"wpb_wrapper\">\n\t\t\t<p>Carrillo Puerto 396. Piso 2 y 3, Gral. Pedro Mar\u00eda Anaya, C.P. 03340 Benito Ju\u00e1rez, CDMX<\/p>\n\n\t\t<\/div>\n\t<\/div>\n\n\t<div class=\"wpb_text_column wpb_content_element firwl-small\" >\n\t\t<div class=\"wpb_wrapper\">\n\t\t\t<p><iframe class=\"maps-google\" style=\"border: 0;\" src=\"https:\/\/www.google.com\/maps\/embed?pb=!1m18!1m12!1m3!1d3764.211536938792!2d-99.1580542!3d19.3599911!2m3!1f0!2f0!3f0!3m2!1i1024!2i768!4f13.1!3m3!1m2!1s0x85d1ffc7eaaaaaab%3A0x68ee34ea61c664e9!2sGrupo%20BeIT!5e0!3m2!1ses-419!2smx!4v1734750946980!5m2!1ses-419!2smx\" allowfullscreen=\"allowfullscreen\"><\/iframe><\/p>\n\n\t\t<\/div>\n\t<\/div>\n\t\t\t<hr class=\"firwl-spacer-s\">\n\t\t<\/div><\/div><\/div><div class=\"page-contactform-style back-form-consultoria wpb_column vc_column_container vc_col-sm-6\"><div class=\"vc_column-inner vc_custom_1731128375698\"><div class=\"wpb_wrapper\"><div class=\"evc-section-title evc-shortcode\" style=\"text-align: left\">\n\t<div class=\"evc-st-inner\">\n\t\t\t\t\t<h2 class=\"evc-st-title\" style=\"color: #FFFFFF\">\n\t\t\t\tReceive specialized consulting\t\t\t<\/h2>\n\t\t\t\t\t\t\t\t\t<\/div>\n<\/div>\n\n\t<div class=\"wpb_text_column wpb_content_element\" >\n\t\t<div class=\"wpb_wrapper\">\n\t\t\t<p>We offer innovative solutions to optimize operations and maximize revenues in a safe and efficient manner.<\/p>\n\n\t\t<\/div>\n\t<\/div>\n<div class=\"vc_empty_space\"   style=\"height: 32px\"><span class=\"vc_empty_space_inner\"><\/span><\/div>\n<div class=\"wpcf7 no-js\" id=\"wpcf7-f1557-o1\" lang=\"es-MX\" dir=\"ltr\" data-wpcf7-id=\"1557\">\n<div class=\"screen-reader-response\"><p role=\"status\" aria-live=\"polite\" aria-atomic=\"true\"><\/p> <ul><\/ul><\/div>\n<form action=\"\/us\/wp-json\/wp\/v2\/pages\/1786#wpcf7-f1557-o1\" method=\"post\" class=\"wpcf7-form init\" aria-label=\"Formulario de contacto\" novalidate=\"novalidate\" data-status=\"init\" data-trp-original-action=\"\/us\/wp-json\/wp\/v2\/pages\/1786#wpcf7-f1557-o1\">\n<div style=\"display: none;\">\n<input type=\"hidden\" name=\"_wpcf7\" value=\"1557\" \/>\n<input type=\"hidden\" name=\"_wpcf7_version\" value=\"6.0.6\" \/>\n<input type=\"hidden\" name=\"_wpcf7_locale\" value=\"es_MX\" \/>\n<input type=\"hidden\" name=\"_wpcf7_unit_tag\" value=\"wpcf7-f1557-o1\" \/>\n<input type=\"hidden\" name=\"_wpcf7_container_post\" value=\"0\" \/>\n<input type=\"hidden\" name=\"_wpcf7_posted_data_hash\" value=\"\" \/>\n<\/div>\n<div class=\"d-flex\">\n\t<div class=\"col-6 margin1Porcent inputConsultoria\">\n\t\t<p><span class=\"wpcf7-form-control-wrap\" data-name=\"nombre\"><input size=\"40\" maxlength=\"400\" class=\"wpcf7-form-control wpcf7-text wpcf7-validates-as-required\" aria-required=\"true\" aria-invalid=\"false\" placeholder=\"Name\" value=\"\" type=\"text\" name=\"nombre\" \/><\/span>\n\t\t<\/p>\n\t<\/div>\n\t<div class=\"col-6 inputConsultoria margin-left-lastname\">\n\t\t<p><span class=\"wpcf7-form-control-wrap\" data-name=\"lastname\"><input size=\"40\" maxlength=\"400\" class=\"wpcf7-form-control wpcf7-text wpcf7-validates-as-required\" aria-required=\"true\" aria-invalid=\"false\" placeholder=\"Last Name\" value=\"\" type=\"text\" name=\"lastname\" \/><\/span>\n\t\t<\/p>\n\t<\/div>\n<\/div>\n<div class=\"col-12 inputConsultoria\">\n\t<p><span class=\"wpcf7-form-control-wrap\" data-name=\"email\"><input size=\"40\" maxlength=\"400\" class=\"wpcf7-form-control wpcf7-email wpcf7-validates-as-required wpcf7-text wpcf7-validates-as-email\" aria-required=\"true\" aria-invalid=\"false\" placeholder=\"Email\" value=\"\" type=\"email\" name=\"email\" \/><\/span>\n\t<\/p>\n<\/div>\n<div class=\"col-12 inputConsultoria\">\n\t<p><span class=\"wpcf7-form-control-wrap\" data-name=\"empresa\"><input size=\"40\" maxlength=\"400\" class=\"wpcf7-form-control wpcf7-text wpcf7-validates-as-required\" aria-required=\"true\" aria-invalid=\"false\" placeholder=\"Company\" value=\"\" type=\"text\" name=\"empresa\" \/><\/span>\n\t<\/p>\n<\/div>\n<div class=\"col-12 inputConsultoria\">\n\t<p><span class=\"wpcf7-form-control-wrap\" data-name=\"puesto\"><input size=\"40\" maxlength=\"400\" class=\"wpcf7-form-control wpcf7-text wpcf7-validates-as-required\" aria-required=\"true\" aria-invalid=\"false\" placeholder=\"Position\" value=\"\" type=\"text\" name=\"puesto\" \/><\/span>\n\t<\/p>\n<\/div>\n<div class=\"col-12 inputConsultoria\">\n\t<p><span class=\"wpcf7-form-control-wrap\" data-name=\"movil\"><input size=\"40\" maxlength=\"400\" class=\"wpcf7-form-control wpcf7-text wpcf7-validates-as-required\" aria-required=\"true\" aria-invalid=\"false\" placeholder=\"Mobile\" value=\"\" type=\"text\" name=\"movil\" \/><\/span>\n\t<\/p>\n<\/div>\n<div class=\"col-12 inputConsultoria\">\n\t<p><span class=\"wpcf7-form-control-wrap\" data-name=\"Mensaje\"><textarea cols=\"40\" rows=\"10\" maxlength=\"2000\" class=\"wpcf7-form-control wpcf7-textarea wpcf7-validates-as-required\" aria-required=\"true\" aria-invalid=\"false\" placeholder=\"Message\" name=\"Mensaje\"><\/textarea><\/span>\n\t<\/p>\n<\/div>\n<div class=\"col-12 inputConsultoria\">\n\t<p><input class=\"wpcf7-form-control wpcf7-submit has-spinner btn-envio col-12\" type=\"submit\" value=\"Send\" \/>\n\t<\/p>\n<\/div><div class=\"wpcf7-response-output\" aria-hidden=\"true\"><\/div>\n<input type=\"hidden\" name=\"trp-form-language\" value=\"us\"\/><\/form>\n<\/div>\n<\/div><\/div><\/div><\/div><\/div><\/div><\/div><\/div><\/div><\/div><\/div><\/div><\/div>\n<\/div>","protected":false},"excerpt":{"rendered":"INDUSTRIAS Log\u00edstica Ofrecemos soluciones tecnol\u00f3gicas para optimizar procesos log\u00edsticos, reducir costos y mejorar la eficiencia operativa. Nuestra infraestructura TI permite centralizar informaci\u00f3n en tiempo real, automatizar tareas y garantizar la continuidad del negocio. INDUSTRIAS Log\u00edstica La industria log\u00edstica enfrenta desaf\u00edos cada vez m\u00e1s exigentes. La necesidad de agilizar entregas, optimizar [...]","protected":false},"author":1,"featured_media":0,"parent":0,"menu_order":0,"comment_status":"closed","ping_status":"closed","template":"page-fullwidth.php","meta":{"footnotes":""},"class_list":["post-1786","page","type-page","status-publish","hentry"],"_links":{"self":[{"href":"https:\/\/elitinfraservice.com\/us\/wp-json\/wp\/v2\/pages\/1786","targetHints":{"allow":["GET"]}}],"collection":[{"href":"https:\/\/elitinfraservice.com\/us\/wp-json\/wp\/v2\/pages"}],"about":[{"href":"https:\/\/elitinfraservice.com\/us\/wp-json\/wp\/v2\/types\/page"}],"author":[{"embeddable":true,"href":"https:\/\/elitinfraservice.com\/us\/wp-json\/wp\/v2\/users\/1"}],"replies":[{"embeddable":true,"href":"https:\/\/elitinfraservice.com\/us\/wp-json\/wp\/v2\/comments?post=1786"}],"version-history":[{"count":26,"href":"https:\/\/elitinfraservice.com\/us\/wp-json\/wp\/v2\/pages\/1786\/revisions"}],"predecessor-version":[{"id":3371,"href":"https:\/\/elitinfraservice.com\/us\/wp-json\/wp\/v2\/pages\/1786\/revisions\/3371"}],"wp:attachment":[{"href":"https:\/\/elitinfraservice.com\/us\/wp-json\/wp\/v2\/media?parent=1786"}],"curies":[{"name":"wp","href":"https:\/\/api.w.org\/{rel}","templated":true}]}}