{"id":1769,"date":"2024-11-18T20:46:57","date_gmt":"2024-11-18T20:46:57","guid":{"rendered":"https:\/\/buromc.com\/?page_id=1769"},"modified":"2024-12-27T00:25:25","modified_gmt":"2024-12-27T00:25:25","slug":"ramsonware-2","status":"publish","type":"page","link":"https:\/\/elitinfraservice.com\/us\/ramsonware-2\/","title":{"rendered":"raNsomware"},"content":{"rendered":"<div class=\"wpb-content-wrapper\"><div class=\"firwl-vc-row-container\" ><div class=\"vc_row firwl-stickycont wpb_row firwl-vc_row\"><div class=\"firwl-rowcontainer-vc\"><div class=\"firwl-rowcontent\"><div class=\"wpb_column vc_column_container vc_col-sm-12\"><div class=\"vc_column-inner\"><div class=\"wpb_wrapper\"><div class=\"vc_row wpb_row vc_inner firwl-vc_row\"><div class=\"firwl-rowcontainer-vc\"><div class=\"firwl-rowcontent\"><div class=\"wpb_column vc_column_container vc_col-sm-12\"><div class=\"vc_column-inner\"><div class=\"wpb_wrapper\">\n\t<div class=\"wpb_text_column wpb_content_element\" >\n\t\t<div class=\"wpb_wrapper\">\n\t\t\t<div class=\"float-left\"><img decoding=\"async\" src=\"https:\/\/elitinfraservice.com\/wp-content\/uploads\/2024\/11\/section-ramsonware.png\" width=\"75px\" \/><\/div>\n<div class=\"title-section-assessment-multiple float-left\">Ransomware<\/div>\n\n\t\t<\/div>\n\t<\/div>\n<\/div><\/div><\/div><\/div><\/div><\/div>\t\t\t<hr class=\"firwl-spacer-s\">\n\t\t\n\t<div class=\"wpb_text_column wpb_content_element color-gris\" >\n\t\t<div class=\"wpb_wrapper\">\n\t\t\t<p>Evaluaci\u00f3n del estado de madurez y capacidad de respuesta de su organizaci\u00f3n ante posibles ataques de ransomware. Este servicio es fundamental dado el aumento alarmante de incidentes de ransomware a nivel global, con un incremento de m\u00e1s del 300% en su prevalencia.<\/p>\n\n\t\t<\/div>\n\t<\/div>\n\t\t\t<hr class=\"firwl-spacer-s\">\n\t\t<\/div><\/div><\/div><\/div><\/div><\/div><\/div><div class=\"firwl-vc-row-container\" ><div class=\"vc_row firwl-stickycont wpb_row firwl-vc_row overflow-visible equal-height-container vc_custom_1732286086374 vc_row-has-fill vc_row-o-equal-height vc_row-flex\"><div class=\"firwl-container firwl-rowcontainer-vc\"><div class=\"firwl-rowcontent\"><div class=\"wpb_column vc_column_container vc_col-sm-4\"><div class=\"vc_column-inner\"><div class=\"wpb_wrapper\"><div class=\"vc_empty_space\"   style=\"height: 15px\"><span class=\"vc_empty_space_inner\"><\/span><\/div><div class=\"vc_row wpb_row vc_inner firwl-vc_row vc_custom_1731471674279\"><div class=\"firwl-rowcontainer-vc\"><div class=\"firwl-rowcontent\"><div class=\"benficios-borde wpb_column vc_column_container vc_col-sm-12 vc_col-has-fill\"><div class=\"vc_column-inner vc_custom_1731554129426\"><div class=\"wpb_wrapper\">\t\t\t<hr class=\"firwl-spacer-s\">\n\t\t\n\t<div  class=\"wpb_single_image wpb_content_element vc_align_left wpb_content_element\">\n\t\t\n\t\t<figure class=\"wpb_wrapper vc_figure\">\n\t\t\t<div class=\"vc_single_image-wrapper   vc_box_border_grey\"><img loading=\"lazy\" decoding=\"async\" width=\"95\" height=\"95\" src=\"https:\/\/elitinfraservice.com\/wp-content\/uploads\/2024\/11\/Layer_1-4.png\" class=\"vc_single_image-img attachment-thumbnail\" alt=\"\" title=\"Layer_1 (4)\" \/><\/div>\n\t\t<\/figure>\n\t<\/div>\n\t\t\t<hr class=\"firwl-spacer-xs\">\n\t\t\n\t<div class=\"wpb_text_column wpb_content_element sub-title-beneficios\" >\n\t\t<div class=\"wpb_wrapper\">\n\t\t\t<p>Evaluaci\u00f3n del nivel de respuesta<\/p>\n\n\t\t<\/div>\n\t<\/div>\n\n\t<div class=\"wpb_text_column wpb_content_element beneficios-content\" >\n\t\t<div class=\"wpb_wrapper\">\n\t\t\t<p>Diagn\u00f3stico sobre c\u00f3mo su organizaci\u00f3n se enfrenta a una amenaza inform\u00e1tica de alta gravedad como el ransomware.<\/p>\n\n\t\t<\/div>\n\t<\/div>\n\t\t\t<hr class=\"firwl-spacer-s\">\n\t\t<\/div><\/div><\/div><\/div><\/div><\/div><\/div><\/div><\/div><div class=\"wpb_column vc_column_container vc_col-sm-4\"><div class=\"vc_column-inner vc_custom_1731471764839\"><div class=\"wpb_wrapper\"><div class=\"vc_empty_space\"   style=\"height: 15px\"><span class=\"vc_empty_space_inner\"><\/span><\/div><div class=\"vc_row wpb_row vc_inner firwl-vc_row vc_custom_1731471674279\"><div class=\"firwl-rowcontainer-vc\"><div class=\"firwl-rowcontent\"><div class=\"benficios-borde wpb_column vc_column_container vc_col-sm-12 vc_col-has-fill\"><div class=\"vc_column-inner vc_custom_1731554129426\"><div class=\"wpb_wrapper\">\t\t\t<hr class=\"firwl-spacer-s\">\n\t\t\n\t<div  class=\"wpb_single_image wpb_content_element vc_align_left wpb_content_element\">\n\t\t\n\t\t<figure class=\"wpb_wrapper vc_figure\">\n\t\t\t<div class=\"vc_single_image-wrapper   vc_box_border_grey\"><img loading=\"lazy\" decoding=\"async\" width=\"95\" height=\"95\" src=\"https:\/\/elitinfraservice.com\/wp-content\/uploads\/2024\/11\/Layer_1-5.png\" class=\"vc_single_image-img attachment-thumbnail\" alt=\"\" title=\"Layer_1 (5)\" \/><\/div>\n\t\t<\/figure>\n\t<\/div>\n\t\t\t<hr class=\"firwl-spacer-xs\">\n\t\t\n\t<div class=\"wpb_text_column wpb_content_element sub-title-beneficios\" >\n\t\t<div class=\"wpb_wrapper\">\n\t\t\t<p>Consultor\u00eda especializada<\/p>\n\n\t\t<\/div>\n\t<\/div>\n\n\t<div class=\"wpb_text_column wpb_content_element beneficios-content\" >\n\t\t<div class=\"wpb_wrapper\">\n\t\t\t<p>Reciba un informe detallado que incluye recomendaciones concretas para mejorar su postura de seguridad y acciones inmediatas a implementar.<\/p>\n\n\t\t<\/div>\n\t<\/div>\n\t\t\t<hr class=\"firwl-spacer-s\">\n\t\t<\/div><\/div><\/div><\/div><\/div><\/div><\/div><\/div><\/div><div class=\"wpb_column vc_column_container vc_col-sm-4\"><div class=\"vc_column-inner\"><div class=\"wpb_wrapper\"><div class=\"vc_empty_space\"   style=\"height: 15px\"><span class=\"vc_empty_space_inner\"><\/span><\/div><div class=\"vc_row wpb_row vc_inner firwl-vc_row vc_custom_1731471674279\"><div class=\"firwl-rowcontainer-vc\"><div class=\"firwl-rowcontent\"><div class=\"benficios-borde wpb_column vc_column_container vc_col-sm-12 vc_col-has-fill\"><div class=\"vc_column-inner vc_custom_1731554129426\"><div class=\"wpb_wrapper\">\t\t\t<hr class=\"firwl-spacer-s\">\n\t\t\n\t<div  class=\"wpb_single_image wpb_content_element vc_align_left wpb_content_element\">\n\t\t\n\t\t<figure class=\"wpb_wrapper vc_figure\">\n\t\t\t<div class=\"vc_single_image-wrapper   vc_box_border_grey\"><img loading=\"lazy\" decoding=\"async\" width=\"95\" height=\"95\" src=\"https:\/\/elitinfraservice.com\/wp-content\/uploads\/2024\/11\/Layer_1-6.png\" class=\"vc_single_image-img attachment-thumbnail\" alt=\"\" title=\"Layer_1 (6)\" \/><\/div>\n\t\t<\/figure>\n\t<\/div>\n\t\t\t<hr class=\"firwl-spacer-xs\">\n\t\t\n\t<div class=\"wpb_text_column wpb_content_element sub-title-beneficios\" >\n\t\t<div class=\"wpb_wrapper\">\n\t\t\t<p>Identificaci\u00f3n de vulnerabilidades<\/p>\n\n\t\t<\/div>\n\t<\/div>\n\n\t<div class=\"wpb_text_column wpb_content_element beneficios-content\" >\n\t\t<div class=\"wpb_wrapper\">\n\t\t\t<p>Detecte brechas de seguridad que puedan ser explotadas por ransomware, permitiendo una mitigaci\u00f3n proactiva.<\/p>\n\n\t\t<\/div>\n\t<\/div>\n\t\t\t<hr class=\"firwl-spacer-s\">\n\t\t<\/div><\/div><\/div><\/div><\/div><\/div><\/div><\/div><\/div><\/div><\/div><\/div><\/div><div class=\"firwl-vc-row-container\" ><div class=\"vc_row firwl-stickycont wpb_row firwl-vc_row\"><div class=\"firwl-rowcontainer-vc\"><div class=\"firwl-rowcontent\"><div class=\"wpb_column vc_column_container vc_col-sm-12\"><div class=\"vc_column-inner\"><div class=\"wpb_wrapper\">\t\t\t<hr class=\"firwl-spacer-s\">\n\t\t<\/div><\/div><\/div><\/div><\/div><\/div><\/div><div class=\"firwl-vc-row-container\" ><div class=\"vc_row firwl-stickycont wpb_row firwl-vc_row overflow-visible equal-height-container vc_custom_1732286103621 vc_row-has-fill vc_row-o-equal-height vc_row-flex\"><div class=\"firwl-container firwl-rowcontainer-vc\"><div class=\"firwl-rowcontent\"><div class=\"wpb_column vc_column_container vc_col-sm-4\"><div class=\"vc_column-inner\"><div class=\"wpb_wrapper\"><div class=\"vc_empty_space\"   style=\"height: 15px\"><span class=\"vc_empty_space_inner\"><\/span><\/div><div class=\"vc_row wpb_row vc_inner firwl-vc_row vc_custom_1731471674279\"><div class=\"firwl-rowcontainer-vc\"><div class=\"firwl-rowcontent\"><div class=\"benficios-borde wpb_column vc_column_container vc_col-sm-12 vc_col-has-fill\"><div class=\"vc_column-inner vc_custom_1731554129426\"><div class=\"wpb_wrapper\">\t\t\t<hr class=\"firwl-spacer-s\">\n\t\t\n\t<div  class=\"wpb_single_image wpb_content_element vc_align_left wpb_content_element\">\n\t\t\n\t\t<figure class=\"wpb_wrapper vc_figure\">\n\t\t\t<div class=\"vc_single_image-wrapper   vc_box_border_grey\"><img loading=\"lazy\" decoding=\"async\" width=\"95\" height=\"95\" src=\"https:\/\/elitinfraservice.com\/wp-content\/uploads\/2024\/11\/Layer_1-7.png\" class=\"vc_single_image-img attachment-thumbnail\" alt=\"\" title=\"Layer_1 (7)\" \/><\/div>\n\t\t<\/figure>\n\t<\/div>\n\t\t\t<hr class=\"firwl-spacer-xs\">\n\t\t\n\t<div class=\"wpb_text_column wpb_content_element sub-title-beneficios\" >\n\t\t<div class=\"wpb_wrapper\">\n\t\t\t<p>Fortalecimiento de la cultura de seguridad<\/p>\n\n\t\t<\/div>\n\t<\/div>\n\n\t<div class=\"wpb_text_column wpb_content_element beneficios-content\" >\n\t\t<div class=\"wpb_wrapper\">\n\t\t\t<p>Aumente la concientizaci\u00f3n y capacitaci\u00f3n de su equipo en torno a las amenazas de ransomware.<\/p>\n\n\t\t<\/div>\n\t<\/div>\n\t\t\t<hr class=\"firwl-spacer-s\">\n\t\t<\/div><\/div><\/div><\/div><\/div><\/div><\/div><\/div><\/div><div class=\"wpb_column vc_column_container vc_col-sm-4\"><div class=\"vc_column-inner vc_custom_1731471764839\"><div class=\"wpb_wrapper\"><div class=\"vc_empty_space\"   style=\"height: 15px\"><span class=\"vc_empty_space_inner\"><\/span><\/div><div class=\"vc_row wpb_row vc_inner firwl-vc_row vc_custom_1731471674279\"><div class=\"firwl-rowcontainer-vc\"><div class=\"firwl-rowcontent\"><div class=\"benficios-borde wpb_column vc_column_container vc_col-sm-12 vc_col-has-fill\"><div class=\"vc_column-inner vc_custom_1731554129426\"><div class=\"wpb_wrapper\">\t\t\t<hr class=\"firwl-spacer-s\">\n\t\t\n\t<div  class=\"wpb_single_image wpb_content_element vc_align_left wpb_content_element\">\n\t\t\n\t\t<figure class=\"wpb_wrapper vc_figure\">\n\t\t\t<div class=\"vc_single_image-wrapper   vc_box_border_grey\"><img loading=\"lazy\" decoding=\"async\" width=\"95\" height=\"95\" src=\"https:\/\/elitinfraservice.com\/wp-content\/uploads\/2024\/11\/Layer_1-8.png\" class=\"vc_single_image-img attachment-thumbnail\" alt=\"\" title=\"Layer_1 (8)\" \/><\/div>\n\t\t<\/figure>\n\t<\/div>\n\t\t\t<hr class=\"firwl-spacer-xs\">\n\t\t\n\t<div class=\"wpb_text_column wpb_content_element sub-title-beneficios\" >\n\t\t<div class=\"wpb_wrapper\">\n\t\t\t<p>Recomendaciones de herramientas tecnol\u00f3gicas<\/p>\n\n\t\t<\/div>\n\t<\/div>\n\n\t<div class=\"wpb_text_column wpb_content_element beneficios-content\" >\n\t\t<div class=\"wpb_wrapper\">\n\t\t\t<p>Proporcionamos sugerencias sobre tecnolog\u00edas y soluciones que pueden ayudar a prevenir y responder a ataques de ransomware.<\/p>\n\n\t\t<\/div>\n\t<\/div>\n\t\t\t<hr class=\"firwl-spacer-s\">\n\t\t<\/div><\/div><\/div><\/div><\/div><\/div><\/div><\/div><\/div><div class=\"wpb_column vc_column_container vc_col-sm-4\"><div class=\"vc_column-inner\"><div class=\"wpb_wrapper\"><div class=\"vc_empty_space\"   style=\"height: 15px\"><span class=\"vc_empty_space_inner\"><\/span><\/div><\/div><\/div><\/div><\/div><\/div><\/div><\/div><div class=\"firwl-vc-row-container\" ><div class=\"vc_row firwl-stickycont wpb_row firwl-vc_row\"><div class=\"firwl-rowcontainer-vc\"><div class=\"firwl-rowcontent\"><div class=\"wpb_column vc_column_container vc_col-sm-12\"><div class=\"vc_column-inner\"><div class=\"wpb_wrapper\">\t\t\t<hr class=\"firwl-spacer-m\">\n\t\t<\/div><\/div><\/div><\/div><\/div><\/div><\/div><div class=\"firwl-vc-row-container\"  id=\"section-cards\" ><div id=\"firwl-intid-section-cards\" class=\"vc_row firwl-stickycont wpb_row firwl-vc_row wpb_animate_when_almost_visible wpb_fadeIn fadeIn vc_custom_1558261052551 vc_column-gap-30\"><div class=\"firwl-rowcontainer-vc\"><div class=\"firwl-rowcontent\"><div class=\"wpb_column vc_column_container vc_col-sm-6\"><div class=\"vc_column-inner vc_custom_1731554423186\"><div class=\"wpb_wrapper\">\n\t<div class=\"wpb_text_column wpb_content_element titulo-p\" >\n\t\t<div class=\"wpb_wrapper\">\n\t\t\t<p>CARACTER\u00cdSTICAS<\/p>\n\n\t\t<\/div>\n\t<\/div>\n\t\t\t<hr class=\"firwl-spacer-s\">\n\t\t\n\t<div class=\"wpb_text_column wpb_content_element color-gris\" >\n\t\t<div class=\"wpb_wrapper\">\n\t\t\t<ul>\n<li>Metodolog\u00eda NIST: aplicamos el marco del NIST Cybersecurity Framework para evaluar su nivel en ciberseguridad y definir \u00e1reas de mejora.<\/li>\n<li>Cuestionario \u00e1gil: utilizamos un cuestionario dise\u00f1ado para facilitar la valoraci\u00f3n de su madurez y capacidad, permitiendo una comprensi\u00f3n clara de sus necesidades de seguridad.<\/li>\n<li>Simulaciones de ataque: realizamos simulaciones de ransomware para evaluar su capacidad de respuesta ante incidentes en tiempo real.<\/li>\n<\/ul>\n\n\t\t<\/div>\n\t<\/div>\n\t\t\t<hr class=\"firwl-spacer-s\">\n\t\t<\/div><\/div><\/div><div class=\"wpb_column vc_column_container vc_col-sm-6\"><div class=\"vc_column-inner\"><div class=\"wpb_wrapper\">\n\t<div class=\"wpb_text_column wpb_content_element\" >\n\t\t<div class=\"wpb_wrapper\">\n\t\t\t<p><img decoding=\"async\" class=\"w-100\" src=\"https:\/\/elitinfraservice.com\/wp-content\/uploads\/2024\/11\/Subtract.png\" alt=\"\" \/><\/p>\n\n\t\t<\/div>\n\t<\/div>\n<\/div><\/div><\/div><\/div><\/div><\/div><\/div>\n<\/div>","protected":false},"excerpt":{"rendered":"Ransomware Evaluaci\u00f3n del estado de madurez y capacidad de respuesta de su organizaci\u00f3n ante posibles ataques de ransomware. Este servicio es fundamental dado el aumento alarmante de incidentes de ransomware a nivel global, con un incremento de m\u00e1s del 300% en su prevalencia. Evaluaci\u00f3n del nivel de respuesta Diagn\u00f3stico sobre [...]","protected":false},"author":1,"featured_media":0,"parent":0,"menu_order":0,"comment_status":"closed","ping_status":"closed","template":"","meta":{"footnotes":""},"class_list":["post-1769","page","type-page","status-publish","hentry"],"_links":{"self":[{"href":"https:\/\/elitinfraservice.com\/us\/wp-json\/wp\/v2\/pages\/1769","targetHints":{"allow":["GET"]}}],"collection":[{"href":"https:\/\/elitinfraservice.com\/us\/wp-json\/wp\/v2\/pages"}],"about":[{"href":"https:\/\/elitinfraservice.com\/us\/wp-json\/wp\/v2\/types\/page"}],"author":[{"embeddable":true,"href":"https:\/\/elitinfraservice.com\/us\/wp-json\/wp\/v2\/users\/1"}],"replies":[{"embeddable":true,"href":"https:\/\/elitinfraservice.com\/us\/wp-json\/wp\/v2\/comments?post=1769"}],"version-history":[{"count":30,"href":"https:\/\/elitinfraservice.com\/us\/wp-json\/wp\/v2\/pages\/1769\/revisions"}],"predecessor-version":[{"id":2348,"href":"https:\/\/elitinfraservice.com\/us\/wp-json\/wp\/v2\/pages\/1769\/revisions\/2348"}],"wp:attachment":[{"href":"https:\/\/elitinfraservice.com\/us\/wp-json\/wp\/v2\/media?parent=1769"}],"curies":[{"name":"wp","href":"https:\/\/api.w.org\/{rel}","templated":true}]}}